{"id":79,"date":"2016-04-02T06:47:31","date_gmt":"2016-04-02T05:47:31","guid":{"rendered":"http:\/\/localhost\/?page_id=79"},"modified":"2024-09-16T07:39:17","modified_gmt":"2024-09-16T06:39:17","slug":"les-entreprises","status":"publish","type":"page","link":"http:\/\/commune-loffre.fr\/index.php\/economie-sante\/les-entreprises\/","title":{"rendered":"Les Entreprises (17)"},"content":{"rendered":"\n<h5 class=\"wp-block-heading\">  SYLVAIN DEPANNE ET RENOVE<br>Petits travaux et r\u00e9parations<br>06 18 94 58 00<\/h5>\n\n\n\n<h5 class=\"wp-block-heading has-white-color has-theme-color-background-color has-text-color has-background\">  <strong>Focal Consuting<\/strong><br><strong>365 rue des Moines<\/strong><\/h5>\n\n\n\n<h5 class=\"wp-block-heading\">  <strong>Encentielle Aromath\u00e9rapie<\/strong><br>conseil en aromath\u00e9rapie<br>encentiellearomatherapie@hotmail.com<\/h5>\n\n\n\n<h5 class=\"wp-block-heading has-white-color has-theme-color-background-color has-text-color has-background\">  <strong>SophroCat<\/strong><br>Catherine Hette Sophrologue Cayc\u00e9dienne<br>0689300708 ou sophro_cat@orange.fr<\/h5>\n\n\n\n<h5 class=\"wp-block-heading\">  <strong>JM Electricit\u00e9<\/strong><br>1508 rue des Moines<br>06 24 21 19 54<\/h5>\n\n\n\n<h5 class=\"wp-block-heading has-white-color has-theme-color-background-color has-text-color has-background\">  <strong>Terra Concept Paysage<\/strong><br>10 rue de Lewarde<br>07 67 85 36 18<\/h5>\n\n\n\n<h5 class=\"wp-block-heading\">  <strong>Loffre Pl\u00e2trerie<\/strong><br><strong>409 rue Saint Jean<br>03 27 80 47 27<\/strong><\/h5>\n\n\n\n<h5 class=\"wp-block-heading has-white-color has-theme-color-background-color has-text-color has-background\">  Le Village des Koalas<br>micro-cr\u00e8che<br>365 rue des Moines<br>06 88 89 91 95<\/h5>\n\n\n\n<h5 class=\"wp-block-heading\">  Fr\u00e9d\u00e9rique LEPRETRE<br>Conseill\u00e8re immobilier ind\u00e9pendant<br>frederique.lepretre<strong>@<\/strong>iadfrance.fr<br><a href=\"https:\/\/www.facebook.com\/frederique.lepretre.39\"><strong>facebook<\/strong>.com\/frederique.lepretre.39\/<\/a><br>06 63 55 93 75<\/h5>\n\n\n\n<h5 class=\"wp-block-heading has-white-color has-theme-color-background-color has-text-color has-background\">  <strong>GAEC Willot<\/strong><br>Produit de la ferme<br>589 rue de Lewarde<br><strong>06 59 16 65 49<\/strong><\/h5>\n\n\n\n<h5 class=\"wp-block-heading\">  <strong>Sandra <\/strong><strong>DEMARQUE <\/strong><br>Conseill\u00e8re Immobilier<br>sandra.demarque@iadfrance.fr<br><strong>06 72 28 21 50<\/strong><\/h5>\n\n\n\n<h5 class=\"wp-block-heading has-white-color has-theme-color-background-color has-text-color has-background\">  <strong>A LOFFRE ZEN<\/strong><br>1400 rue des Moines  <a rel=\"noopener noreferrer\" href=\"https:\/\/www.facebook.com\/loffrezen\/?__tn__=%2Cd%2CP-R&amp;eid=ARA4EOw0yO8qICLBUHYkEuFMzDaMhYhZ_33V2KHBzUpnUJemLKrlyE78LqyATYoon7bH4P9tYCGPSwG4\" target=\"_blank\">page facebook<\/a><br>07 83 59 42 47<\/h5>\n\n\n\n<h5 class=\"wp-block-heading\">  <strong>2SI Conseil<\/strong><br>L&rsquo;ing\u00e9nierie de la s\u00e9curit\u00e9 incendie<br><a href=\"http:\/\/www.2si-conseil.com\/\">site Web<\/a>&nbsp; \/&nbsp; facebook<\/h5>\n\n\n\n<h5 class=\"wp-block-heading has-white-color has-theme-color-background-color has-text-color has-background\">  <strong>BEX&amp;LEAN<\/strong><br>39 Petite rue<br>Consultant<\/h5>\n\n\n\n<h5 class=\"wp-block-heading\">  <strong>La Gallo Romaine<\/strong><br>631 rue des Moines<br><strong>03 27 87 25 36<\/strong><br><a href=\"http:\/\/la-gallo-romaine.com\">site web<\/a>&nbsp; \/&nbsp; <a href=\"https:\/\/www.facebook.com\/karinepierre.lagalloromaine?fref=ts\">facebook<\/a><\/h5>\n\n\n\n<h5 class=\"wp-block-heading has-white-color has-theme-color-background-color has-text-color has-background\">  <strong>L&rsquo;atelier 52<\/strong><br>rue du petit marais<br><strong>06 47 83 36 44<\/strong>    <a href=\"http:\/\/atelier52.jimdo.com\/\">site Web<\/a>&nbsp; \/&nbsp; <a href=\"https:\/\/www.facebook.com\/profile.php?id=100009339120801\">facebook<\/a><\/h5>\n\n\n\n<h5 class=\"wp-block-heading\">  <strong>D<\/strong>u <strong>S<\/strong>ol <strong>A<\/strong>u <strong>P<\/strong>lafond<br>Travaux &amp; embellissement de votre int\u00e9rieur<br>195 rue du Petit Marais<br>contact@dsap-deco.fr<br><strong>06 31 00 64 21<\/strong><\/h5>\n","protected":false},"excerpt":{"rendered":"<p>SYLVAIN DEPANNE ET RENOVEPetits travaux et r\u00e9parations06 18 94 58 00 Focal Consuting365 rue des Moines Encentielle Aromath\u00e9rapieconseil en aromath\u00e9rapieencentiellearomatherapie@hotmail.com SophroCatCatherine Hette Sophrologue Cayc\u00e9dienne0689300708 ou sophro_cat@orange.fr JM Electricit\u00e91508 rue des&#8230; <a href=\"http:\/\/commune-loffre.fr\/index.php\/economie-sante\/les-entreprises\/\">Read more &raquo;<\/a><\/p>\n","protected":false},"author":1,"featured_media":0,"parent":40,"menu_order":0,"comment_status":"closed","ping_status":"closed","template":"page-templates\/full-width.php","meta":{"footnotes":""},"_links":{"self":[{"href":"http:\/\/commune-loffre.fr\/index.php\/wp-json\/wp\/v2\/pages\/79"}],"collection":[{"href":"http:\/\/commune-loffre.fr\/index.php\/wp-json\/wp\/v2\/pages"}],"about":[{"href":"http:\/\/commune-loffre.fr\/index.php\/wp-json\/wp\/v2\/types\/page"}],"author":[{"embeddable":true,"href":"http:\/\/commune-loffre.fr\/index.php\/wp-json\/wp\/v2\/users\/1"}],"replies":[{"embeddable":true,"href":"http:\/\/commune-loffre.fr\/index.php\/wp-json\/wp\/v2\/comments?post=79"}],"version-history":[{"count":63,"href":"http:\/\/commune-loffre.fr\/index.php\/wp-json\/wp\/v2\/pages\/79\/revisions"}],"predecessor-version":[{"id":7242,"href":"http:\/\/commune-loffre.fr\/index.php\/wp-json\/wp\/v2\/pages\/79\/revisions\/7242"}],"up":[{"embeddable":true,"href":"http:\/\/commune-loffre.fr\/index.php\/wp-json\/wp\/v2\/pages\/40"}],"wp:attachment":[{"href":"http:\/\/commune-loffre.fr\/index.php\/wp-json\/wp\/v2\/media?parent=79"}],"curies":[{"name":"wp","href":"https:\/\/api.w.org\/{rel}","templated":true}]}}