{"id":76,"date":"2016-04-02T06:45:30","date_gmt":"2016-04-02T05:45:30","guid":{"rendered":"http:\/\/localhost\/?page_id=76"},"modified":"2026-02-27T19:28:09","modified_gmt":"2026-02-27T18:28:09","slug":"equipement","status":"publish","type":"page","link":"http:\/\/commune-loffre.fr\/index.php\/vie-du-village\/equipement\/","title":{"rendered":"Equipement"},"content":{"rendered":"<div class=\"wpb-content-wrapper\"><p>[vc_row][vc_column width=\u00a0\u00bb1\/6&Prime;][vc_gallery type=\u00a0\u00bbflexslider_slide\u00a0\u00bb interval=\u00a0\u00bb3&Prime; images=\u00a0\u00bb3910,272,271,270&Prime;][\/vc_column][vc_column width=\u00a0\u00bb5\/6&Prime;][vc_custom_heading text=\u00a0\u00bbLa salle polyvalente avec sa cuisine \u00e9quip\u00e9e\u00a0\u00bb google_fonts=\u00a0\u00bbfont_family:Montserrat%3Aregular%2C700|font_style:400%20regular%3A400%3Anormal\u00a0\u00bb][\/vc_column][\/vc_row][vc_row][vc_column width=\u00a0\u00bb5\/6&Prime;][vc_custom_heading text=\u00a0\u00bbFoyer Rural\u00a0\u00bb google_fonts=\u00a0\u00bbfont_family:Montserrat%3Aregular%2C700|font_style:400%20regular%3A400%3Anormal\u00a0\u00bb][\/vc_column][vc_column width=\u00a0\u00bb1\/6&Prime;][vc_gallery type=\u00a0\u00bbflexslider_slide\u00a0\u00bb interval=\u00a0\u00bb3&Prime; images=\u00a0\u00bb274&Prime;][\/vc_column][\/vc_row][vc_row][vc_column width=\u00a0\u00bb1\/6&Prime;][vc_gallery type=\u00a0\u00bbflexslider_slide\u00a0\u00bb interval=\u00a0\u00bb3&Prime; images=\u00a0\u00bb277&Prime;][vc_column_text]<\/p>\n<div class=\"wa-comp wa-text wa-bg-gradient param[grad(rgba(0,0,0,0)) border(0 #969696)] \"><\/div>\n<p>[\/vc_column_text][\/vc_column][vc_column width=\u00a0\u00bb1\/3&Prime;][vc_custom_heading text=\u00a0\u00bbLes feux tricolores intelligents\u00a0\u00bb google_fonts=\u00a0\u00bbfont_family:Montserrat%3Aregular%2C700|font_style:400%20regular%3A400%3Anormal\u00a0\u00bb][\/vc_column][vc_column width=\u00a0\u00bb1\/3&Prime;][vc_custom_heading text=\u00a0\u00bbL&rsquo;enfouissement des r\u00e9seaux\u00a0\u00bb google_fonts=\u00a0\u00bbfont_family:Montserrat%3Aregular%2C700|font_style:400%20regular%3A400%3Anormal\u00a0\u00bb][\/vc_column][vc_column width=\u00a0\u00bb1\/6&Prime;][vc_gallery type=\u00a0\u00bbflexslider_slide\u00a0\u00bb interval=\u00a0\u00bb3&Prime; images=\u00a0\u00bb279,291&Prime;][\/vc_column][\/vc_row][vc_row][vc_column width=\u00a0\u00bb5\/6&Prime;][\/vc_column][vc_column width=\u00a0\u00bb1\/6&Prime;][vc_column_text]<\/p>\n<div class=\"wa-comp wa-text wa-bg-gradient param[grad(rgba(0,0,0,0)) border(0 #969696)] \"><\/div>\n<p>[\/vc_column_text][\/vc_column][\/vc_row][vc_row][vc_column width=\u00a0\u00bb1\/4&Prime;][vc_gallery type=\u00a0\u00bbflexslider_slide\u00a0\u00bb interval=\u00a0\u00bb3&Prime; images=\u00a0\u00bb280,281&Prime;][\/vc_column][vc_column width=\u00a0\u00bb1\/4&Prime;][vc_custom_heading text=\u00a0\u00bbL&rsquo;\u00e9glise Saint Roch\u00a0\u00bb google_fonts=\u00a0\u00bbfont_family:Montserrat%3Aregular%2C700|font_style:400%20regular%3A400%3Anormal\u00a0\u00bb][vc_column_text]<\/p>\n<div class=\"wa-comp wa-text wa-bg-gradient param[grad(rgba(0,0,0,0)) border(0 #969696)] \"><\/div>\n<p>[\/vc_column_text][\/vc_column][vc_column width=\u00a0\u00bb1\/4&Prime;][vc_custom_heading text=\u00a0\u00bbUne aire de jeux\u00a0\u00bb google_fonts=\u00a0\u00bbfont_family:Montserrat%3Aregular%2C700|font_style:400%20regular%3A400%3Anormal\u00a0\u00bb][\/vc_column][vc_column width=\u00a0\u00bb1\/4&Prime;][vc_gallery type=\u00a0\u00bbflexslider_slide\u00a0\u00bb interval=\u00a0\u00bb3&Prime; images=\u00a0\u00bb284&Prime;][\/vc_column][\/vc_row][vc_row][vc_column width=\u00a0\u00bb5\/6&Prime;][vc_custom_heading text=\u00a0\u00bbLa station d&rsquo;\u00e9puration de Lewarde\u00a0\u00bb google_fonts=\u00a0\u00bbfont_family:Montserrat%3Aregular%2C700|font_style:400%20regular%3A400%3Anormal\u00a0\u00bb][vc_column_text]<\/p>\n<div class=\"wa-comp wa-text wa-bg-gradient param[grad(rgba(0,0,0,0)) border(0 #969696)] \">\n<div>\n<div class=\"wa-comp wa-text wa-bg-gradient param[grad(rgba(0,0,0,0)) border(0 #969696)] \">\n<div>\n<div class=\"wa-comp wa-text wa-bg-gradient param[grad(rgba(0,0,0,0)) border(0 #969696)] \">\n<div>\n<div class=\"wa-comp wa-text wa-bg-gradient param[grad(rgba(0,0,0,0)) border(0 #969696)] \">\n<div>\n<div class=\"wa-comp wa-text wa-bg-gradient param[grad(rgba(0,0,0,0)) border(0 #969696)] \">\n<div class=\"waCSStext8wuapc1hkk99gr2w\">\n<div align=\"justify\">ASSAINISSEMENT : la commune de Loffre est\u00a0 raccord\u00e9e \u00e0 une station d&rsquo;\u00e9puration intercommunale d&rsquo;une capacit\u00e9 de 6000 \u00e9quivalents habitants situ\u00e9e \u00e0 Lewarde. Elle a \u00e9t\u00e9 con\u00e7ue avec un volet p\u00e9dagogique qui lui permet \u00e0 ce titre d&rsquo;\u00eatre visit\u00e9e notamment par les \u00e9tablissements scolaires. Il suffit afin de b\u00e9n\u00e9ficier de cette visite assortie d&rsquo;un film anim\u00e9 par Fred et Jamy, de solliciter la CCCO, ma\u00eetre de l&rsquo;ouvrage.<\/div>\n<div align=\"justify\"><\/div>\n<div align=\"justify\">Poursuivant son vaste plan de protection de l&rsquo;environnement, le C\u0153ur d&rsquo;Ostrevent a construit une station d&rsquo;\u00e9puration \u00e0 Lewarde. Bien int\u00e9gr\u00e9e dans le paysage, elle est aussi un outil p\u00e9dagogique unique dans l&rsquo;arrondissement.<\/div>\n<div align=\"justify\"><\/div>\n<div align=\"justify\">Pour plus de renseignements, <a href=\"http:\/\/www.cc-coeurdostrevent.fr\/fr\/accueil\/vivre\/assainissement\/les-stations-depuration\/un-zoom-sur-la-station-de-lewarde.aspx\">cliquez ici<\/a><\/div>\n<\/div>\n<\/div>\n<\/div>\n<\/div>\n<\/div>\n<\/div>\n<\/div>\n<\/div>\n<\/div>\n<\/div>\n<p>[\/vc_column_text][\/vc_column][vc_column width=\u00a0\u00bb1\/6&Prime;][vc_gallery type=\u00a0\u00bbflexslider_slide\u00a0\u00bb interval=\u00a0\u00bb3&Prime; images=\u00a0\u00bb282&Prime;][\/vc_column][\/vc_row][vc_row][vc_column width=\u00a0\u00bb1\/4&Prime;][vc_gallery type=\u00a0\u00bbflexslider_slide\u00a0\u00bb interval=\u00a0\u00bb3&Prime; images=\u00a0\u00bb285&Prime;][\/vc_column][vc_column width=\u00a0\u00bb1\/4&Prime;][vc_custom_heading text=\u00a0\u00bbUn plateau multisports\u00a0\u00bb google_fonts=\u00a0\u00bbfont_family:Montserrat%3Aregular%2C700|font_style:400%20regular%3A400%3Anormal\u00a0\u00bb][vc_column_text]<\/p>\n<div class=\"wa-comp wa-text wa-bg-gradient param[grad(rgba(0,0,0,0)) border(0 #969696)] \"><\/div>\n<p>[\/vc_column_text][\/vc_column][vc_column width=\u00a0\u00bb1\/4&Prime;][vc_custom_heading text=\u00a0\u00bbUn terrain de football\u00a0\u00bb google_fonts=\u00a0\u00bbfont_family:Montserrat%3Aregular%2C700|font_style:400%20regular%3A400%3Anormal\u00a0\u00bb][\/vc_column][vc_column width=\u00a0\u00bb1\/4&Prime;][vc_gallery type=\u00a0\u00bbflexslider_slide\u00a0\u00bb interval=\u00a0\u00bb3&Prime; images=\u00a0\u00bb287,288,289&Prime;][\/vc_column][\/vc_row][vc_row][vc_column][vc_gallery type=\u00a0\u00bbimage_grid\u00a0\u00bb images=\u00a0\u00bb494,495,496,497,498,499&Prime; img_size=\u00a0\u00bbmedium\u00a0\u00bb][vc_gallery type=\u00a0\u00bbimage_grid\u00a0\u00bb images=\u00a0\u00bb3299,3298,3297&Prime; img_size=\u00a0\u00bbmedium\u00a0\u00bb][\/vc_column][\/vc_row]<\/p>\n<\/div>","protected":false},"excerpt":{"rendered":"<p>[vc_row][vc_column width=\u00a0\u00bb1\/6&Prime;][vc_gallery type=\u00a0\u00bbflexslider_slide\u00a0\u00bb interval=\u00a0\u00bb3&Prime; images=\u00a0\u00bb3910,272,271,270&Prime;][\/vc_column][vc_column width=\u00a0\u00bb5\/6&Prime;][vc_custom_heading text=\u00a0\u00bbLa salle polyvalente avec sa cuisine \u00e9quip\u00e9e\u00a0\u00bb google_fonts=\u00a0\u00bbfont_family:Montserrat%3Aregular%2C700|font_style:400%20regular%3A400%3Anormal\u00a0\u00bb][\/vc_column][\/vc_row][vc_row][vc_column width=\u00a0\u00bb5\/6&Prime;][vc_custom_heading text=\u00a0\u00bbFoyer Rural\u00a0\u00bb google_fonts=\u00a0\u00bbfont_family:Montserrat%3Aregular%2C700|font_style:400%20regular%3A400%3Anormal\u00a0\u00bb][\/vc_column][vc_column width=\u00a0\u00bb1\/6&Prime;][vc_gallery type=\u00a0\u00bbflexslider_slide\u00a0\u00bb interval=\u00a0\u00bb3&Prime; images=\u00a0\u00bb274&Prime;][\/vc_column][\/vc_row][vc_row][vc_column width=\u00a0\u00bb1\/6&Prime;][vc_gallery type=\u00a0\u00bbflexslider_slide\u00a0\u00bb interval=\u00a0\u00bb3&Prime; images=\u00a0\u00bb277&Prime;][vc_column_text] [\/vc_column_text][\/vc_column][vc_column width=\u00a0\u00bb1\/3&Prime;][vc_custom_heading text=\u00a0\u00bbLes feux&#8230; <a href=\"http:\/\/commune-loffre.fr\/index.php\/vie-du-village\/equipement\/\">Read more &raquo;<\/a><\/p>\n","protected":false},"author":1,"featured_media":0,"parent":47,"menu_order":0,"comment_status":"closed","ping_status":"closed","template":"page-templates\/full-width.php","meta":{"footnotes":""},"_links":{"self":[{"href":"http:\/\/commune-loffre.fr\/index.php\/wp-json\/wp\/v2\/pages\/76"}],"collection":[{"href":"http:\/\/commune-loffre.fr\/index.php\/wp-json\/wp\/v2\/pages"}],"about":[{"href":"http:\/\/commune-loffre.fr\/index.php\/wp-json\/wp\/v2\/types\/page"}],"author":[{"embeddable":true,"href":"http:\/\/commune-loffre.fr\/index.php\/wp-json\/wp\/v2\/users\/1"}],"replies":[{"embeddable":true,"href":"http:\/\/commune-loffre.fr\/index.php\/wp-json\/wp\/v2\/comments?post=76"}],"version-history":[{"count":31,"href":"http:\/\/commune-loffre.fr\/index.php\/wp-json\/wp\/v2\/pages\/76\/revisions"}],"predecessor-version":[{"id":7381,"href":"http:\/\/commune-loffre.fr\/index.php\/wp-json\/wp\/v2\/pages\/76\/revisions\/7381"}],"up":[{"embeddable":true,"href":"http:\/\/commune-loffre.fr\/index.php\/wp-json\/wp\/v2\/pages\/47"}],"wp:attachment":[{"href":"http:\/\/commune-loffre.fr\/index.php\/wp-json\/wp\/v2\/media?parent=76"}],"curies":[{"name":"wp","href":"https:\/\/api.w.org\/{rel}","templated":true}]}}