{"id":72,"date":"2016-04-02T06:36:31","date_gmt":"2016-04-02T05:36:31","guid":{"rendered":"http:\/\/localhost\/?page_id=72"},"modified":"2024-09-16T07:50:28","modified_gmt":"2024-09-16T06:50:28","slug":"les-assos","status":"publish","type":"page","link":"http:\/\/commune-loffre.fr\/index.php\/vie-du-village\/les-assos\/","title":{"rendered":"Les Associations"},"content":{"rendered":"<div class=\"wpb-content-wrapper\"><p>[vc_row][vc_column width=\u00a0\u00bb1\/3&Prime;][vc_column_text css=\u00a0\u00bb.vc_custom_1695663723829{margin-bottom: 15px !important;}\u00a0\u00bb]<\/p>\n<div style=\"text-align: left;\" align=\"left\"><span style=\"color: #0000ff;\"><strong>LA BRIGADE VERTE<\/strong><\/span><\/div>\n<div style=\"text-align: left;\" align=\"left\">Promouvoir le respect de l&rsquo;environnement<\/div>\n<div style=\"text-align: left;\" align=\"left\">Pr\u00e9sident Alain SROGA<\/div>\n<div style=\"text-align: left;\" align=\"left\">alainsroga@outlook.fr<\/div>\n<div style=\"text-align: center;\" align=\"left\"><\/div>\n<p>[\/vc_column_text][\/vc_column][vc_column width=\u00a0\u00bb1\/3&Prime;][vc_column_text css=\u00a0\u00bb.vc_custom_1695663744050{margin-bottom: 15px !important;}\u00a0\u00bb]<\/p>\n<div align=\"left\"><span style=\"color: #0000ff;\"><strong>SPORT POUR TOUS<\/strong><\/span><\/div>\n<div style=\"text-align: left;\" align=\"left\"><strong>GYMNASTIQUE VOLONTAIRE<\/strong><\/div>\n<div style=\"text-align: left;\" align=\"left\">Madame\u00a0 Anne Lang<\/div>\n<div style=\"text-align: left;\" align=\"left\">annelang39@gmail.com<\/div>\n<div style=\"text-align: left;\" align=\"left\">03.27.92.48.27<\/div>\n<p>[\/vc_column_text][\/vc_column][vc_column width=\u00a0\u00bb1\/3&Prime;][vc_column_text css=\u00a0\u00bb.vc_custom_1695663670974{margin-bottom: 15px !important;}\u00a0\u00bb]<\/p>\n<div align=\"left\"><span style=\"color: #0000ff;\"><strong>TRADI YOGA<\/strong><\/span><\/div>\n<div style=\"text-align: left;\" align=\"left\"><strong>OLYMPIQUE SPORTING CLUB DE LOFFRE<\/strong><\/div>\n<div style=\"text-align: left;\" align=\"left\">Severine DENEUX<\/div>\n<div style=\"text-align: left;\" align=\"left\">assotradiyoga@gmail.com<\/div>\n<div style=\"text-align: left;\" align=\"left\">loffre.osc.563606@lfhf.fr<\/div>\n<div style=\"text-align: left;\" align=\"left\">03.27.92.48.27<\/div>\n<p>[\/vc_column_text][\/vc_column][\/vc_row][vc_row][vc_column width=\u00a0\u00bb1\/3&Prime;][vc_custom_heading text=\u00a0\u00bbOLYMPIQUE SPORTING CLUB DE LOFFRE\u00a0\u00bb font_container=\u00a0\u00bbtag:h3|text_align:left|color:%231b68b5&Prime; use_theme_fonts=\u00a0\u00bbyes\u00a0\u00bb css=\u00a0\u00bb.vc_custom_1691573116326{margin-top: 0px !important;}\u00a0\u00bb][vc_column_text css=\u00a0\u00bb.vc_custom_1698678054877{margin-bottom: 15px !important;}\u00a0\u00bb]<\/p>\n<div align=\"left\">Frederic CRETAL<\/div>\n<div align=\"left\">\u00a0<strong><a href=\"mailto:loffre.osc.563606@lfhf.fr\">loffre.osc.563606@lfhf.fr<\/a><\/strong><\/div>\n<p>[\/vc_column_text][\/vc_column][vc_column width=\u00a0\u00bb1\/3&Prime;][vc_custom_heading text=\u00a0\u00bbLES RANDONNEURS DE LOFFRE\u00a0\u00bb font_container=\u00a0\u00bbtag:h3|text_align:left|color:%231b68b5&Prime; use_theme_fonts=\u00a0\u00bbyes\u00a0\u00bb css=\u00a0\u00bb.vc_custom_1475572406918{margin-top: 0px !important;}\u00a0\u00bb][vc_column_text css=\u00a0\u00bb.vc_custom_1490333975627{margin-bottom: 15px !important;}\u00a0\u00bb]<\/p>\n<div align=\"left\">M Marc DELAGNEAU<\/div>\n<div align=\"left\">33 rue de Flines<\/div>\n<div align=\"left\">59165 AUBERCHICOURT<\/div>\n<div align=\"left\">06 07 90 44 24<\/div>\n<p>[\/vc_column_text][\/vc_column][vc_column width=\u00a0\u00bb1\/3&Prime;][vc_custom_heading text=\u00a0\u00bbCOMITE DES F\u00caTES\u00a0\u00bb font_container=\u00a0\u00bbtag:h3|text_align:left|color:%231b68b5&Prime; use_theme_fonts=\u00a0\u00bbyes\u00a0\u00bb css=\u00a0\u00bb.vc_custom_1664804771624{margin-top: 0px !important;}\u00a0\u00bb][vc_column_text css=\u00a0\u00bb.vc_custom_1652301616158{margin-bottom: 15px !important;}\u00a0\u00bb]<\/p>\n<div align=\"left\">Coordonn\u00e9es par la Mairie<\/div>\n<div align=\"left\">Adjoint Frederic VIREMOUNEIX<\/div>\n<div align=\"left\">1221 Rues des Moines<\/div>\n<div align=\"left\">59182 LOFFRE<\/div>\n<p>[\/vc_column_text][vc_btn title=\u00a0\u00bbVoir les evenements\u00a0\u00bb color=\u00a0\u00bbdanger\u00a0\u00bb link=\u00a0\u00bburl:http%3A%2F%2Fcommune-loffre.fr%2Findex.php%2Fenvenimements-comite-des-fetes%2F||target:%20_blank|\u00a0\u00bb][\/vc_column][\/vc_row][vc_row][vc_column width=\u00a0\u00bb1\/3&Prime;][vc_custom_heading text=\u00a0\u00bbLOFFRE LOISIRS\u00a0\u00bb font_container=\u00a0\u00bbtag:h3|text_align:left|color:%231b68b5&Prime; use_theme_fonts=\u00a0\u00bbyes\u00a0\u00bb css=\u00a0\u00bb.vc_custom_1475572448722{margin-top: 0px !important;}\u00a0\u00bb][vc_column_text css=\u00a0\u00bb.vc_custom_1542096445905{margin-bottom: 15px !important;}\u00a0\u00bb]<\/p>\n<div align=\"left\">M. Michel PLUCIENNE<\/div>\n<div align=\"left\">531 rue des Moines<\/div>\n<div align=\"left\">59182 LOFFRE<\/div>\n<div align=\"left\">03 27 80 52 76<\/div>\n<p>[\/vc_column_text][\/vc_column][vc_column width=\u00a0\u00bb1\/3&Prime;][vc_custom_heading text=\u00a0\u00bbAPE DE L\u2019\u00c9COLE HENRI MATISSE\u00a0\u00bb font_container=\u00a0\u00bbtag:h3|text_align:left|color:%231b68b5&Prime; use_theme_fonts=\u00a0\u00bbyes\u00a0\u00bb css=\u00a0\u00bb.vc_custom_1475572470418{margin-top: 0px !important;}\u00a0\u00bb][vc_column_text css=\u00a0\u00bb.vc_custom_1726469423574{margin-bottom: 15px !important;}\u00a0\u00bb]- la Secr\u00e9taire: Mme LEMOINE Sabrina,<br \/>\n&#8211; la Tr\u00e9sori\u00e8re : Mme CZERNIAK Emmeline,<br \/>\n&#8211; la Pr\u00e9sidente: Mme MARFIL Eurydice[\/vc_column_text][\/vc_column][\/vc_row][vc_row][vc_column width=\u00a0\u00bb1\/3&Prime;][vc_custom_heading text=\u00a0\u00bbANCIENS COMBATTANTS DE LOFFRE\u00a0\u00bb font_container=\u00a0\u00bbtag:h3|text_align:left|color:%231b68b5&Prime; use_theme_fonts=\u00a0\u00bbyes\u00a0\u00bb css=\u00a0\u00bb.vc_custom_1475572485682{margin-top: 0px !important;}\u00a0\u00bb][vc_column_text css=\u00a0\u00bb.vc_custom_1683741949348{margin-bottom: 15px !important;}\u00a0\u00bb]<\/p>\n<div align=\"left\">Pr\u00e9sident par int\u00e9rim =<strong> Ren\u00e9 SOBKOWIAK<\/strong><br \/>\nSecr\u00e9taire = <strong>Jean-Claude GOTELAERE<\/strong><br \/>\nLe pr\u00e9sident et secr\u00e9taire ont aussi en charge la gestion de l&rsquo;association.<\/div>\n<p>[\/vc_column_text][\/vc_column][vc_column width=\u00a0\u00bb1\/3&Prime;][vc_custom_heading text=\u00a0\u00bbLA RONDE DES LIVRES\u00a0\u00bb font_container=\u00a0\u00bbtag:h3|text_align:left|color:%231b68b5&Prime; use_theme_fonts=\u00a0\u00bbyes\u00a0\u00bb css=\u00a0\u00bb.vc_custom_1475572494819{margin-top: 0px !important;}\u00a0\u00bb][vc_column_text css=\u00a0\u00bb.vc_custom_1518714332900{margin-bottom: 15px !important;}\u00a0\u00bb]<\/p>\n<div align=\"left\">\n<p>Pr\u00e9sidente : Mme Sylvie LARIVIERE<br \/>\nSecr\u00e9taire : Mme Marie Pascale BRILLON<br \/>\nTr\u00e9sori\u00e8re : Mme Anne LANG<br \/>\ns.lari-cot@orange.fr<\/p>\n<p><a href=\"http:\/\/rondelivres.wixsite.com\/ronde-des-livres\">http:\/\/rondelivres.wixsite.com\/ronde-des-livres<\/a><\/p>\n<p><a href=\"http:\/\/commune-loffre.fr\/index.php\/galerie\/\">Le groupe en Images<\/a><\/p>\n<\/div>\n<p>[\/vc_column_text][\/vc_column][\/vc_row]<\/p>\n<\/div>","protected":false},"excerpt":{"rendered":"<p>[vc_row][vc_column width=\u00a0\u00bb1\/3&Prime;][vc_column_text css=\u00a0\u00bb.vc_custom_1695663723829{margin-bottom: 15px !important;}\u00a0\u00bb] LA BRIGADE VERTE Promouvoir le respect de l&rsquo;environnement Pr\u00e9sident Alain SROGA alainsroga@outlook.fr [\/vc_column_text][\/vc_column][vc_column width=\u00a0\u00bb1\/3&Prime;][vc_column_text css=\u00a0\u00bb.vc_custom_1695663744050{margin-bottom: 15px !important;}\u00a0\u00bb] SPORT POUR TOUS GYMNASTIQUE VOLONTAIRE Madame\u00a0 Anne Lang&#8230; <a href=\"http:\/\/commune-loffre.fr\/index.php\/vie-du-village\/les-assos\/\">Read more &raquo;<\/a><\/p>\n","protected":false},"author":1,"featured_media":0,"parent":47,"menu_order":0,"comment_status":"closed","ping_status":"closed","template":"page-templates\/full-width.php","meta":{"footnotes":""},"_links":{"self":[{"href":"http:\/\/commune-loffre.fr\/index.php\/wp-json\/wp\/v2\/pages\/72"}],"collection":[{"href":"http:\/\/commune-loffre.fr\/index.php\/wp-json\/wp\/v2\/pages"}],"about":[{"href":"http:\/\/commune-loffre.fr\/index.php\/wp-json\/wp\/v2\/types\/page"}],"author":[{"embeddable":true,"href":"http:\/\/commune-loffre.fr\/index.php\/wp-json\/wp\/v2\/users\/1"}],"replies":[{"embeddable":true,"href":"http:\/\/commune-loffre.fr\/index.php\/wp-json\/wp\/v2\/comments?post=72"}],"version-history":[{"count":62,"href":"http:\/\/commune-loffre.fr\/index.php\/wp-json\/wp\/v2\/pages\/72\/revisions"}],"predecessor-version":[{"id":7246,"href":"http:\/\/commune-loffre.fr\/index.php\/wp-json\/wp\/v2\/pages\/72\/revisions\/7246"}],"up":[{"embeddable":true,"href":"http:\/\/commune-loffre.fr\/index.php\/wp-json\/wp\/v2\/pages\/47"}],"wp:attachment":[{"href":"http:\/\/commune-loffre.fr\/index.php\/wp-json\/wp\/v2\/media?parent=72"}],"curies":[{"name":"wp","href":"https:\/\/api.w.org\/{rel}","templated":true}]}}