{"id":6702,"date":"2023-03-25T20:40:57","date_gmt":"2023-03-25T19:40:57","guid":{"rendered":"http:\/\/commune-loffre.fr\/?page_id=6702"},"modified":"2023-03-25T20:46:20","modified_gmt":"2023-03-25T19:46:20","slug":"envenimements-comite-des-fetes","status":"publish","type":"page","link":"http:\/\/commune-loffre.fr\/index.php\/envenimements-comite-des-fetes\/","title":{"rendered":"\u00c9v\u00e9nements Comit\u00e9 des f\u00eates"},"content":{"rendered":"\n<h2 class=\"wp-block-heading\">Saint Patrick 2023<\/h2>\n\n\n\n<p>S&rsquo;il y a bien une journ\u00e9e o\u00f9 l&rsquo;on se sent irlandais c&rsquo;est le 17 mars \u00e0 l&rsquo;occasion de la Saint Patrick. <br>\n A Loffre, le Comit\u00e9 Des F\u00eates a organis\u00e9 une magnifique soir\u00e9e au son du groupe Love And Rage.<br>\n Le food truck \u00ab\u00a0Au Plaisir&rsquo; a r\u00e9gal\u00e9 les loffriens qui sont venus tr\u00e8s nombreux \u00e0 cet \u00e9v\u00e9nement .<\/p>\n\n\n\n<ul class=\"wp-block-gallery columns-2 is-cropped wp-block-gallery-1 is-layout-flex wp-block-gallery-is-layout-flex\"><li class=\"blocks-gallery-item\"><figure><img loading=\"lazy\" decoding=\"async\" width=\"1024\" height=\"576\" src=\"http:\/\/commune-loffre.fr\/wp-content\/uploads\/2023\/03\/20230317_1942381-1024x576.jpg\" alt=\"\" data-id=\"6713\" data-link=\"http:\/\/commune-loffre.fr\/?attachment_id=6713\" class=\"wp-image-6713\" srcset=\"http:\/\/commune-loffre.fr\/wp-content\/uploads\/2023\/03\/20230317_1942381-1024x576.jpg 1024w, http:\/\/commune-loffre.fr\/wp-content\/uploads\/2023\/03\/20230317_1942381-300x169.jpg 300w, http:\/\/commune-loffre.fr\/wp-content\/uploads\/2023\/03\/20230317_1942381-768x432.jpg 768w, http:\/\/commune-loffre.fr\/wp-content\/uploads\/2023\/03\/20230317_1942381-624x351.jpg 624w\" sizes=\"(max-width: 1024px) 100vw, 1024px\" \/><\/figure><\/li><li class=\"blocks-gallery-item\"><figure><img loading=\"lazy\" decoding=\"async\" width=\"1024\" height=\"576\" src=\"http:\/\/commune-loffre.fr\/wp-content\/uploads\/2023\/03\/20230317_201508-1024x576.jpg\" alt=\"\" data-id=\"6703\" data-link=\"http:\/\/commune-loffre.fr\/?attachment_id=6703\" class=\"wp-image-6703\" srcset=\"http:\/\/commune-loffre.fr\/wp-content\/uploads\/2023\/03\/20230317_201508-1024x576.jpg 1024w, http:\/\/commune-loffre.fr\/wp-content\/uploads\/2023\/03\/20230317_201508-300x169.jpg 300w, http:\/\/commune-loffre.fr\/wp-content\/uploads\/2023\/03\/20230317_201508-768x432.jpg 768w, http:\/\/commune-loffre.fr\/wp-content\/uploads\/2023\/03\/20230317_201508-624x351.jpg 624w\" sizes=\"(max-width: 1024px) 100vw, 1024px\" \/><\/figure><\/li><li class=\"blocks-gallery-item\"><figure><img loading=\"lazy\" decoding=\"async\" width=\"1024\" height=\"576\" src=\"http:\/\/commune-loffre.fr\/wp-content\/uploads\/2023\/03\/20230317_201329-1024x576.jpg\" alt=\"\" data-id=\"6704\" data-link=\"http:\/\/commune-loffre.fr\/?attachment_id=6704\" class=\"wp-image-6704\" srcset=\"http:\/\/commune-loffre.fr\/wp-content\/uploads\/2023\/03\/20230317_201329-1024x576.jpg 1024w, http:\/\/commune-loffre.fr\/wp-content\/uploads\/2023\/03\/20230317_201329-300x169.jpg 300w, http:\/\/commune-loffre.fr\/wp-content\/uploads\/2023\/03\/20230317_201329-768x432.jpg 768w, http:\/\/commune-loffre.fr\/wp-content\/uploads\/2023\/03\/20230317_201329-624x351.jpg 624w\" sizes=\"(max-width: 1024px) 100vw, 1024px\" \/><\/figure><\/li><li class=\"blocks-gallery-item\"><figure><img loading=\"lazy\" decoding=\"async\" width=\"1024\" height=\"576\" src=\"http:\/\/commune-loffre.fr\/wp-content\/uploads\/2023\/03\/20230317_201325-1024x576.jpg\" alt=\"\" data-id=\"6705\" data-link=\"http:\/\/commune-loffre.fr\/?attachment_id=6705\" class=\"wp-image-6705\" srcset=\"http:\/\/commune-loffre.fr\/wp-content\/uploads\/2023\/03\/20230317_201325-1024x576.jpg 1024w, http:\/\/commune-loffre.fr\/wp-content\/uploads\/2023\/03\/20230317_201325-300x169.jpg 300w, http:\/\/commune-loffre.fr\/wp-content\/uploads\/2023\/03\/20230317_201325-768x432.jpg 768w, http:\/\/commune-loffre.fr\/wp-content\/uploads\/2023\/03\/20230317_201325-624x351.jpg 624w\" sizes=\"(max-width: 1024px) 100vw, 1024px\" \/><\/figure><\/li><li class=\"blocks-gallery-item\"><figure><img loading=\"lazy\" decoding=\"async\" width=\"1024\" height=\"576\" src=\"http:\/\/commune-loffre.fr\/wp-content\/uploads\/2023\/03\/20230317_201147-1024x576.jpg\" alt=\"\" data-id=\"6706\" data-link=\"http:\/\/commune-loffre.fr\/?attachment_id=6706\" class=\"wp-image-6706\" srcset=\"http:\/\/commune-loffre.fr\/wp-content\/uploads\/2023\/03\/20230317_201147-1024x576.jpg 1024w, http:\/\/commune-loffre.fr\/wp-content\/uploads\/2023\/03\/20230317_201147-300x169.jpg 300w, http:\/\/commune-loffre.fr\/wp-content\/uploads\/2023\/03\/20230317_201147-768x432.jpg 768w, http:\/\/commune-loffre.fr\/wp-content\/uploads\/2023\/03\/20230317_201147-624x351.jpg 624w\" sizes=\"(max-width: 1024px) 100vw, 1024px\" \/><\/figure><\/li><li class=\"blocks-gallery-item\"><figure><img loading=\"lazy\" decoding=\"async\" width=\"1024\" height=\"576\" src=\"http:\/\/commune-loffre.fr\/wp-content\/uploads\/2023\/03\/20230317_2011301-1024x576.jpg\" alt=\"\" data-id=\"6707\" data-link=\"http:\/\/commune-loffre.fr\/?attachment_id=6707\" class=\"wp-image-6707\" srcset=\"http:\/\/commune-loffre.fr\/wp-content\/uploads\/2023\/03\/20230317_2011301-1024x576.jpg 1024w, http:\/\/commune-loffre.fr\/wp-content\/uploads\/2023\/03\/20230317_2011301-300x169.jpg 300w, http:\/\/commune-loffre.fr\/wp-content\/uploads\/2023\/03\/20230317_2011301-768x432.jpg 768w, http:\/\/commune-loffre.fr\/wp-content\/uploads\/2023\/03\/20230317_2011301-624x351.jpg 624w\" sizes=\"(max-width: 1024px) 100vw, 1024px\" \/><\/figure><\/li><li class=\"blocks-gallery-item\"><figure><img loading=\"lazy\" decoding=\"async\" width=\"1024\" height=\"576\" src=\"http:\/\/commune-loffre.fr\/wp-content\/uploads\/2023\/03\/20230317_200555-1024x576.jpg\" alt=\"\" data-id=\"6708\" data-link=\"http:\/\/commune-loffre.fr\/?attachment_id=6708\" class=\"wp-image-6708\" srcset=\"http:\/\/commune-loffre.fr\/wp-content\/uploads\/2023\/03\/20230317_200555-1024x576.jpg 1024w, http:\/\/commune-loffre.fr\/wp-content\/uploads\/2023\/03\/20230317_200555-300x169.jpg 300w, http:\/\/commune-loffre.fr\/wp-content\/uploads\/2023\/03\/20230317_200555-768x432.jpg 768w, http:\/\/commune-loffre.fr\/wp-content\/uploads\/2023\/03\/20230317_200555-624x351.jpg 624w\" sizes=\"(max-width: 1024px) 100vw, 1024px\" \/><\/figure><\/li><li class=\"blocks-gallery-item\"><figure><img loading=\"lazy\" decoding=\"async\" width=\"1024\" height=\"576\" src=\"http:\/\/commune-loffre.fr\/wp-content\/uploads\/2023\/03\/20230317_201130-1024x576.jpg\" alt=\"\" data-id=\"6709\" data-link=\"http:\/\/commune-loffre.fr\/?attachment_id=6709\" class=\"wp-image-6709\" srcset=\"http:\/\/commune-loffre.fr\/wp-content\/uploads\/2023\/03\/20230317_201130-1024x576.jpg 1024w, http:\/\/commune-loffre.fr\/wp-content\/uploads\/2023\/03\/20230317_201130-300x169.jpg 300w, http:\/\/commune-loffre.fr\/wp-content\/uploads\/2023\/03\/20230317_201130-768x432.jpg 768w, http:\/\/commune-loffre.fr\/wp-content\/uploads\/2023\/03\/20230317_201130-624x351.jpg 624w\" sizes=\"(max-width: 1024px) 100vw, 1024px\" \/><\/figure><\/li><li class=\"blocks-gallery-item\"><figure><img loading=\"lazy\" decoding=\"async\" width=\"1024\" height=\"576\" src=\"http:\/\/commune-loffre.fr\/wp-content\/uploads\/2023\/03\/20230317_200544-1024x576.jpg\" alt=\"\" data-id=\"6710\" data-link=\"http:\/\/commune-loffre.fr\/?attachment_id=6710\" class=\"wp-image-6710\" srcset=\"http:\/\/commune-loffre.fr\/wp-content\/uploads\/2023\/03\/20230317_200544-1024x576.jpg 1024w, http:\/\/commune-loffre.fr\/wp-content\/uploads\/2023\/03\/20230317_200544-300x169.jpg 300w, http:\/\/commune-loffre.fr\/wp-content\/uploads\/2023\/03\/20230317_200544-768x432.jpg 768w, http:\/\/commune-loffre.fr\/wp-content\/uploads\/2023\/03\/20230317_200544-624x351.jpg 624w\" sizes=\"(max-width: 1024px) 100vw, 1024px\" \/><\/figure><\/li><li class=\"blocks-gallery-item\"><figure><img loading=\"lazy\" decoding=\"async\" width=\"1024\" height=\"576\" src=\"http:\/\/commune-loffre.fr\/wp-content\/uploads\/2023\/03\/20230317_200523-1024x576.jpg\" alt=\"\" data-id=\"6711\" data-link=\"http:\/\/commune-loffre.fr\/?attachment_id=6711\" class=\"wp-image-6711\" srcset=\"http:\/\/commune-loffre.fr\/wp-content\/uploads\/2023\/03\/20230317_200523-1024x576.jpg 1024w, http:\/\/commune-loffre.fr\/wp-content\/uploads\/2023\/03\/20230317_200523-300x169.jpg 300w, http:\/\/commune-loffre.fr\/wp-content\/uploads\/2023\/03\/20230317_200523-768x432.jpg 768w, http:\/\/commune-loffre.fr\/wp-content\/uploads\/2023\/03\/20230317_200523-624x351.jpg 624w\" sizes=\"(max-width: 1024px) 100vw, 1024px\" \/><\/figure><\/li><li class=\"blocks-gallery-item\"><figure><img loading=\"lazy\" decoding=\"async\" width=\"1024\" height=\"576\" src=\"http:\/\/commune-loffre.fr\/wp-content\/uploads\/2023\/03\/20230317_200513-1024x576.jpg\" alt=\"\" data-id=\"6712\" data-link=\"http:\/\/commune-loffre.fr\/?attachment_id=6712\" class=\"wp-image-6712\" srcset=\"http:\/\/commune-loffre.fr\/wp-content\/uploads\/2023\/03\/20230317_200513-1024x576.jpg 1024w, http:\/\/commune-loffre.fr\/wp-content\/uploads\/2023\/03\/20230317_200513-300x169.jpg 300w, http:\/\/commune-loffre.fr\/wp-content\/uploads\/2023\/03\/20230317_200513-768x432.jpg 768w, http:\/\/commune-loffre.fr\/wp-content\/uploads\/2023\/03\/20230317_200513-624x351.jpg 624w\" sizes=\"(max-width: 1024px) 100vw, 1024px\" \/><\/figure><\/li><\/ul>\n","protected":false},"excerpt":{"rendered":"<p>Saint Patrick 2023 S&rsquo;il y a bien une journ\u00e9e o\u00f9 l&rsquo;on se sent irlandais c&rsquo;est le 17 mars \u00e0 l&rsquo;occasion de la Saint Patrick. A Loffre, le Comit\u00e9 Des F\u00eates&#8230; <a href=\"http:\/\/commune-loffre.fr\/index.php\/envenimements-comite-des-fetes\/\">Read more &raquo;<\/a><\/p>\n","protected":false},"author":1,"featured_media":0,"parent":0,"menu_order":0,"comment_status":"closed","ping_status":"closed","template":"","meta":{"footnotes":""},"_links":{"self":[{"href":"http:\/\/commune-loffre.fr\/index.php\/wp-json\/wp\/v2\/pages\/6702"}],"collection":[{"href":"http:\/\/commune-loffre.fr\/index.php\/wp-json\/wp\/v2\/pages"}],"about":[{"href":"http:\/\/commune-loffre.fr\/index.php\/wp-json\/wp\/v2\/types\/page"}],"author":[{"embeddable":true,"href":"http:\/\/commune-loffre.fr\/index.php\/wp-json\/wp\/v2\/users\/1"}],"replies":[{"embeddable":true,"href":"http:\/\/commune-loffre.fr\/index.php\/wp-json\/wp\/v2\/comments?post=6702"}],"version-history":[{"count":4,"href":"http:\/\/commune-loffre.fr\/index.php\/wp-json\/wp\/v2\/pages\/6702\/revisions"}],"predecessor-version":[{"id":6720,"href":"http:\/\/commune-loffre.fr\/index.php\/wp-json\/wp\/v2\/pages\/6702\/revisions\/6720"}],"wp:attachment":[{"href":"http:\/\/commune-loffre.fr\/index.php\/wp-json\/wp\/v2\/media?parent=6702"}],"curies":[{"name":"wp","href":"https:\/\/api.w.org\/{rel}","templated":true}]}}