{"id":62,"date":"2016-04-02T06:30:24","date_gmt":"2016-04-02T05:30:24","guid":{"rendered":"http:\/\/localhost\/?page_id=62"},"modified":"2026-04-25T20:06:02","modified_gmt":"2026-04-25T19:06:02","slug":"compte-rendu","status":"publish","type":"page","link":"http:\/\/commune-loffre.fr\/index.php\/compte-rendu\/","title":{"rendered":"Compte rendu du Conseil Municipal"},"content":{"rendered":"<p><a href=\"http:\/\/commune-loffre.fr\/wp-content\/uploads\/2026\/04\/NOTE-SYNTHETIQUE-BP-2026.pdf\">Notes Synth\u00e9tique BP 2026<\/a><\/p>\n<p><a href=\"http:\/\/commune-loffre.fr\/wp-content\/uploads\/2026\/04\/NOTE-SYNTHETIQUE-CFU-2025.pdf\">Notes Synth\u00e9tique CFU 2025<\/a><\/p>\n<p><a href=\"http:\/\/commune-loffre.fr\/wp-content\/uploads\/2026\/03\/PV-DU-CM-DU-19-DECEMBRE-POUR-DIFFUSION.pdf\">Proc\u00e8s verbal du Conseil Municipal du 19 D\u00e9cembre 2025<\/a><\/p>\n<p><a href=\"http:\/\/commune-loffre.fr\/wp-content\/uploads\/2025\/12\/25-09-29-PROCES-VERBAL-REUNION-DU-29-09-25.pdf\">Proc\u00e8s verbal du Conseil Municipal du 29 Septembre 2025<\/a><\/p>\n<p><a href=\"http:\/\/commune-loffre.fr\/wp-content\/uploads\/2025\/09\/25-06-30-PV-CM-DU-30-JUIN-2025.pdf\">Proc\u00e8s verbal du Conseil Municipal du 30 Juin 2025<\/a><\/p>\n<p><a href=\"http:\/\/commune-loffre.fr\/wp-content\/uploads\/2025\/04\/NOTE-DE-PRESENTATION-BP2025.pdf\" target=\"_blank\" rel=\"noopener\">Note de pr\u00e9sentation du Budget Primitif BP 2025<\/a><\/p>\n<p><a href=\"http:\/\/commune-loffre.fr\/wp-content\/uploads\/2025\/04\/NOTE-DE-PRESENTATION-CFU2024.pdf\" target=\"_blank\" rel=\"noopener\">Note de pr\u00e9sentation du Compte Financier Unique CFU 2024<\/a><\/p>\n<p><a href=\"http:\/\/commune-loffre.fr\/wp-content\/uploads\/2025\/03\/24-09-30-PV-CM-DU-30-SEPTEMBRE-2024-2.pdf\" target=\"_blank\" rel=\"noopener\">Proc\u00e8s verbal du Conseil Municipal 30 Septembre 2024<\/a><\/p>\n<p><a href=\"http:\/\/commune-loffre.fr\/wp-content\/uploads\/2025\/03\/24-12-06-PV-CM-DU-02-DECEMBRE-2024.pdf\" target=\"_blank\" rel=\"noopener\">Proc\u00e8s verbal du Conseil Municipal 02 D\u00e9cembre 2024<\/a><\/p>\n<p><a href=\"http:\/\/commune-loffre.fr\/wp-content\/uploads\/2024\/10\/24-09-30-PV-DU-CM-DU-24-06-24.pdf\" target=\"_blank\" rel=\"noopener\">Proc\u00e8s verbal du Conseil Municipal 24 Juin 2024<\/a><\/p>\n<p><a href=\"http:\/\/commune-loffre.fr\/wp-content\/uploads\/2024\/07\/24-03-29-PV-CM-DU-29-MARS-2024-1.pdf\" target=\"_blank\" rel=\"noopener\">Proc\u00e8s verbal du Conseil Municipal 29 Mars 2024<\/a><\/p>\n<p><a href=\"http:\/\/commune-loffre.fr\/wp-content\/uploads\/2024\/04\/23-12-04-PV-CM-DU-04-DECEMBRE-2023-v2.pdf\" target=\"_blank\" rel=\"noopener\">Proc\u00e8s verbal du Conseil Municipal 04 D\u00e9cembre 2023<\/a><\/p>\n<p><a href=\"http:\/\/commune-loffre.fr\/wp-content\/uploads\/2024\/01\/24-01-24-PV-CM-DU-29-09-23.pdf\">Proc\u00e8s verbal du Conseil Municipal 29 Septembre 2023<\/a><\/p>\n<p><a href=\"http:\/\/commune-loffre.fr\/wp-content\/uploads\/2024\/01\/24-01-24-PV-CM-DU-22-09-23.pdf\">Proc\u00e8s verbal du Conseil Municipal 22 Septembre 2023<\/a><\/p>\n<p><a href=\"http:\/\/commune-loffre.fr\/wp-content\/uploads\/2023\/10\/20231010172507487.pdf\">Proc\u00e8s verbal du Conseil Municipal Juin 2023<\/a><\/p>\n<p><a href=\"http:\/\/commune-loffre.fr\/wp-content\/uploads\/2023\/04\/23-04-12-PV-DU-CM-DU-09-12-2022.pdf\">Proc\u00e8s verbal du Conseil Municipal D\u00e9cembre 2022<\/a><\/p>\n<p><a href=\"http:\/\/commune-loffre.fr\/wp-content\/uploads\/2022\/12\/PV-DU-CM-DU-05-09-2022_221215_214422.pdf\">Compte Rendu 05 Septembre 2022<\/a><\/p>\n<p><a href=\"http:\/\/commune-loffre.fr\/wp-content\/uploads\/2022\/08\/22-06-27-COMPTE-RENDU-FINALISE.pdf\">Compte Rendu 27 Juin 2022<\/a><\/p>\n<p><a href=\"http:\/\/commune-loffre.fr\/wp-content\/uploads\/2022\/06\/22-03-28-COMPTE-RENDU-POUR-JOURNAL.pdf\">Compte Rendu 28 Mars 2022<\/a><\/p>\n<p><a href=\"http:\/\/commune-loffre.fr\/wp-content\/uploads\/2022\/01\/21-12-03-COMPTE-RENDU-CM.pdf\">Compte Rendu 03 D\u00e9cembre 2021<\/a><\/p>\n<p><a href=\"http:\/\/commune-loffre.fr\/wp-content\/uploads\/2022\/01\/21-09-27-COMPTE-RENDU-CM.pdf\">Compte Rendu 27 Septembre 2021<\/a><\/p>\n<p><a href=\"http:\/\/commune-loffre.fr\/wp-content\/uploads\/2021\/07\/21-06-07-CR-POUR-SITE.pdf\">Compte Rendu 07 Juin 2021<\/a><\/p>\n<p><a href=\"http:\/\/commune-loffre.fr\/wp-content\/uploads\/2021\/07\/21-04-06-COMPTE-RENDU-CM.pdf\">Compte Rendu 06 Avril 2021<\/a><\/p>\n<p><a href=\"http:\/\/commune-loffre.fr\/wp-content\/uploads\/2021\/03\/21-02-15-COMPTE-RENDU-CM.pdf\">Compte Rendu 15 F\u00e9vrier 2021<\/a><\/p>\n<p><a href=\"http:\/\/commune-loffre.fr\/wp-content\/uploads\/2021\/02\/COMPTE-RENDU-DU-CM-DU-07-12-2020.pdf\">Compte Rendu 07 D\u00e9cembre 2020<\/a><\/p>\n<p><a href=\"http:\/\/commune-loffre.fr\/wp-content\/uploads\/2021\/02\/COMPTE-RENDU-CM-du-22-06-2020.pdf\">Compte Rendu 22 Juin 2020<\/a><\/p>\n<p><a href=\"http:\/\/commune-loffre.fr\/wp-content\/uploads\/2020\/02\/20-01-10-COMPTE-RENDU-CM-R\u00e9union.pdf\">Compte Rendu 10 Janvier 2020<\/a><\/p>\n<p><a href=\"http:\/\/Compte Rendu 28 Juin 2019\" target=\"_blank\" rel=\"noopener noreferrer\" data-wplink-url-error=\"true\">Compte Rendu 07 Octobre 2019<\/a><\/p>\n<p><a href=\"http:\/\/commune-loffre.fr\/wp-content\/uploads\/2019\/10\/19-06-28-COMPTE-RENDU-CM.pdf\" target=\"_blank\" rel=\"noopener noreferrer\">Compte Rendu 28 Juin 2019<\/a><\/p>\n<p><a href=\"http:\/\/commune-loffre.fr\/wp-content\/uploads\/2019\/07\/19-05-21-COMPTE-RENDU-CM.pdf\">Compte Rendu 21 Mai 2019<\/a><\/p>\n<p><a href=\"http:\/\/commune-loffre.fr\/wp-content\/uploads\/2019\/04\/19-02-25-COMPTE-RENDU-CM.pdf\">Compte Rendu 25 F\u00e9vrier 2019<\/a><\/p>\n<p><a href=\"http:\/\/commune-loffre.fr\/wp-content\/uploads\/2019\/03\/18-12-17-COMPTE-RENDU-CM.pdf\">Compte Rendu 17 D\u00e9cembre 2018<\/a><\/p>\n<p><a href=\"http:\/\/commune-loffre.fr\/wp-content\/uploads\/2019\/01\/18-12-11-COMPTE-RENDU-MIS-EN-PAGE.pdf\">Compte Rendu 12 Novembre 2018<\/a><\/p>\n<p><a href=\"http:\/\/commune-loffre.fr\/wp-content\/uploads\/2018\/11\/18-09-10-COMPTE-RENDU-FINALISE.pdf\">Compte Rendu 10 Septembre 2018<\/a><\/p>\n<p><a href=\"http:\/\/commune-loffre.fr\/wp-content\/uploads\/2018\/09\/18-06-04-COMPTE-RENDU.pdf\">Compte Rendu 04 Juin 2018<\/a><\/p>\n<p><a href=\"http:\/\/commune-loffre.fr\/wp-content\/uploads\/2018\/05\/18-04-09-COMPTE-RENDU-FINALISE.pdf\">Compte rendu 09 Avril 2018<\/a><\/p>\n<p><a href=\"http:\/\/commune-loffre.fr\/wp-content\/uploads\/2018\/05\/18-03-20-COMPTE-RENDU-FINALISE.pdf\">Compte rendu 20 Mars 2018<\/a><\/p>\n<p><a href=\"http:\/\/commune-loffre.fr\/wp-content\/uploads\/2018\/05\/18-03-14-COMPTE-RENDU-FINALISE.pdf\">Compte rendu 14 Mars 2018<\/a><\/p>\n<p><a href=\"http:\/\/commune-loffre.fr\/wp-content\/uploads\/2018\/05\/18-03-02-COMPTE-RENDU-FINALISE.pdf\">Compte rendu 02 Mars 2018<\/a><\/p>\n<p><a href=\"http:\/\/commune-loffre.fr\/wp-content\/uploads\/2018\/03\/17-11-24-COMPTE-RENDU.pdf\">Compte rendu 24 Novembre 2017<\/a><\/p>\n<p><a href=\"http:\/\/commune-loffre.fr\/wp-content\/uploads\/2016\/04\/17-10-02-COMPTE-RENDU.pdf\">Compte rendu 02 Octobre 2017<\/a><\/p>\n<p><a href=\"http:\/\/commune-loffre.fr\/wp-content\/uploads\/2017\/10\/17-09-08-COMPTE-RENDU.pdf\">Compte rendu 08 Septembre 2017<\/a><\/p>\n<p><a href=\"http:\/\/commune-loffre.fr\/wp-content\/uploads\/2017\/09\/15-06-2017-COMPTE-RENDU.pdf\">Compte rendu 15 Juin 2017<\/a><\/p>\n<p><a href=\"http:\/\/commune-loffre.fr\/wp-content\/uploads\/2016\/04\/17-03-29-COMPTE-RENDUv2.pdf\">Compte rendu 29 Mars 2017<\/a><\/p>\n<p><a href=\"http:\/\/commune-loffre.fr\/wp-content\/uploads\/2016\/04\/COMPTE-RENDU-20-02-2017.pdf\">Compte rendu 20 F\u00e9vrier 2017<\/a><\/p>\n<p><a href=\"http:\/\/commune-loffre.fr\/wp-content\/uploads\/2017\/01\/CM-14-12-16-COMPTE-RENDU-30-12-2016-2.pdf\">Compte rendu\u00a0 Succint 17 Octobre 2016<\/a><\/p>\n<p><a href=\"http:\/\/commune-loffre.fr\/wp-content\/uploads\/2016\/12\/COMPTE-RENDU-17-10-2016.pdf\">Compte rendu 17 Octobre 2016 <\/a><\/p>\n<p><a href=\"http:\/\/commune-loffre.fr\/wp-content\/uploads\/2016\/11\/CM-21-07-16-COMPTE-RENDU.pdf\" target=\"_blank\" rel=\"noopener noreferrer\">Compte Rendu 21 Juillet 2016<\/a><\/p>\n<p><a href=\"http:\/\/commune-loffre.fr\/wp-content\/uploads\/2016\/08\/CM-31-05-16-COMPTE-RENDU-relu.pdf\" target=\"_blank\" rel=\"noopener noreferrer\">Compte Rendu 31 Mai 2016<\/a><\/p>\n<p><a href=\"http:\/\/commune-loffre.fr\/wp-content\/uploads\/2016\/06\/CM-SUCCINT-2-24-MARS-2016.pdf\" target=\"_blank\" rel=\"noopener noreferrer\">Compte Rendu 24 Mars 2016<\/a><\/p>\n<p><a href=\"http:\/\/commune-loffre.fr\/wp-content\/uploads\/2016\/04\/Compt-Rendu-02_2016.pdf\">Compte Rendu F\u00e9vrier 2016<\/a><\/p>\n<p><a href=\"http:\/\/commune-loffre.fr\/wp-content\/uploads\/2016\/04\/Comptes-rendus-CM-2014-2015.pdf\">Comptes rendus\u00a0 2014 2015<\/a><\/p>\n","protected":false},"excerpt":{"rendered":"<p>Notes Synth\u00e9tique BP 2026 Notes Synth\u00e9tique CFU 2025 Proc\u00e8s verbal du Conseil Municipal du 19 D\u00e9cembre 2025 Proc\u00e8s verbal du Conseil Municipal du 29 Septembre 2025 Proc\u00e8s verbal du Conseil&#8230; <a href=\"http:\/\/commune-loffre.fr\/index.php\/compte-rendu\/\">Read more &raquo;<\/a><\/p>\n","protected":false},"author":1,"featured_media":0,"parent":0,"menu_order":0,"comment_status":"closed","ping_status":"closed","template":"","meta":{"footnotes":""},"_links":{"self":[{"href":"http:\/\/commune-loffre.fr\/index.php\/wp-json\/wp\/v2\/pages\/62"}],"collection":[{"href":"http:\/\/commune-loffre.fr\/index.php\/wp-json\/wp\/v2\/pages"}],"about":[{"href":"http:\/\/commune-loffre.fr\/index.php\/wp-json\/wp\/v2\/types\/page"}],"author":[{"embeddable":true,"href":"http:\/\/commune-loffre.fr\/index.php\/wp-json\/wp\/v2\/users\/1"}],"replies":[{"embeddable":true,"href":"http:\/\/commune-loffre.fr\/index.php\/wp-json\/wp\/v2\/comments?post=62"}],"version-history":[{"count":86,"href":"http:\/\/commune-loffre.fr\/index.php\/wp-json\/wp\/v2\/pages\/62\/revisions"}],"predecessor-version":[{"id":7399,"href":"http:\/\/commune-loffre.fr\/index.php\/wp-json\/wp\/v2\/pages\/62\/revisions\/7399"}],"wp:attachment":[{"href":"http:\/\/commune-loffre.fr\/index.php\/wp-json\/wp\/v2\/media?parent=62"}],"curies":[{"name":"wp","href":"https:\/\/api.w.org\/{rel}","templated":true}]}}