{"id":60,"date":"2016-04-02T06:30:04","date_gmt":"2016-04-02T05:30:04","guid":{"rendered":"http:\/\/localhost\/?page_id=60"},"modified":"2026-04-30T21:32:56","modified_gmt":"2026-04-30T20:32:56","slug":"lequipe","status":"publish","type":"page","link":"http:\/\/commune-loffre.fr\/index.php\/municipalie\/lequipe\/","title":{"rendered":"L&rsquo;\u00e9quipe"},"content":{"rendered":"<div class=\"wpb-content-wrapper\"><p>[vc_row][vc_column width=\u00a0\u00bb1\/4&Prime;][vc_single_image image=\u00a0\u00bb159&Prime; style=\u00a0\u00bbvc_box_border\u00a0\u00bb][\/vc_column][vc_column width=\u00a0\u00bb3\/4&Prime;][vc_column_text]<\/p>\n<div class=\"wa-comp wa-text wa-bg-gradient param[grad(rgba(0,0,0,0)) border(0 #969696)] \">\n<div>\n<div style=\"text-align: justify;\" align=\"justify\">Monsieur Eric Gouy est le Maire de la commune de Loffre depuis le 30 Mars 2014.<\/div>\n<div style=\"text-align: justify;\" align=\"justify\">Monsieur le Maire re\u00e7oit sur rendez-vous au 03 27 80 51 43 sauf au mois d&rsquo;Ao\u00fbt.<\/div>\n<\/div>\n<\/div>\n<div class=\"wa-comp wa-text wa-bg-gradient param[grad(rgba(0,0,0,0)) border(0 #969696)] \" style=\"text-align: justify;\"><\/div>\n<p>[\/vc_column_text][\/vc_column][\/vc_row][vc_row][vc_column][vc_gallery type=\u00a0\u00bbimage_grid\u00a0\u00bb images=\u00a0\u00bb7400&Prime; img_size=\u00a0\u00bblarge\u00a0\u00bb][vc_column_text]<span style=\"color: #00ccff;\"><strong>Les Adjoints<\/strong><\/span><br \/>\n<strong>Sylvie LARIVIERE<\/strong> : Affaires Sociales et Culturelles et Communication<br \/>\n<strong>Frederic VIREMOUNEIX <\/strong>: F\u00eates, Comm\u00e9morations et Association<br \/>\n<strong>Virginie GOUBET<\/strong> : Affaires scolaires (p\u00e9riscolaire et extrascolaire inclus)<br \/>\n<strong>Olivier CAFFIN<\/strong> : Environnement et Sports<\/p>\n<p><span style=\"color: #00ccff;\"><strong>Les Conseillers Municipaux<\/strong><\/span><br \/>\n<span style=\"color: #333333;\"><strong>Jean Luc ANSART<\/strong><\/span><br \/>\n<span style=\"color: #333333;\"><strong>Brigitte SEDDA<\/strong><\/span><br \/>\n<span style=\"color: #333333;\"><strong>Ren\u00e9e PLAISANT<\/strong><\/span><br \/>\n<span style=\"color: #333333;\"><strong>Fabienne DELPLACE<\/strong><\/span><br \/>\n<span style=\"color: #333333;\"><strong>Laurent MIELCAREK<\/strong><\/span><br \/>\n<span style=\"color: #333333;\"><strong>B\u00e9atrice MACIEJOWSKI<\/strong><\/span><br \/>\n<span style=\"color: #333333;\"><strong>Quentin ROBERT<\/strong><\/span><br \/>\n<span style=\"color: #333333;\"><strong>Guillaume VASSEUR<\/strong><\/span><br \/>\n<span style=\"color: #333333;\"><strong>Eurydice MARFIL<\/strong><\/span><br \/>\n<span style=\"color: #333333;\"><strong>St\u00e9phane VENTURA<\/strong><\/span><\/p>\n<p><strong><span style=\"color: #00ccff;\">Repr\u00e9sentation de la commune aupr\u00e8s des diff\u00e9rents syndicats et structures auxquels adh\u00e8re la commune<\/span><\/strong><\/p>\n<p><strong>SICA\u00cfE<\/strong> : Syndicat Intercommunal d\u2019Aide \u00e0 l\u2019Enfance Inadapt\u00e9e<br \/>\nTitulaires : Sylvie LARIVIERE et Fabienne DELPLACE Suppl\u00e9antes : Fr\u00e9deric VIREMOUNEIX et Quentin ROBERT<br \/>\n<strong>COA<\/strong> : C\u0153ur d\u2019Ostrevent Agllo<br \/>\nTitulaire : Sylvie LARIVIERE et Suppl\u00e9ant : Fr\u00e9deric VIREMOUNEIX<br \/>\n<strong>SIDEN SIAN<\/strong> : Comit\u00e9 Coll\u00e8ge d\u2019Arrondissement de DOUAI<br \/>\nTitulaire : Olivier CAFFIN<br \/>\n<strong>SMAP<\/strong>I : Syndicat des milieux aquatiques et pr\u00e9vention innondations<br \/>\nTitulaire : Olivier CAFFIN et Suppl\u00e9ant Laurent MIELCAREK<\/p>\n<p><strong><span style=\"color: #00ccff;\">Repr\u00e9sentation au sein des Commissions et Conseils<\/span><\/strong><\/p>\n<p><strong>Commission d\u2019Appel d\u2019Offres<\/strong><br \/>\nPr\u00e9sidence : Eric GOUY Titulaires : Guillaume VASSEUR, Fabienne DELPLACE, St\u00e9phane VENTURA et Suppl\u00e9ants :<br \/>\nFr\u00e9d\u00e9ric VIREMOUNEIX, Laurent MIELCAREK, Brigitte SEDDA<\/p>\n<p><strong>Commission Urbanisme et Travaux<\/strong><br \/>\nPr\u00e9sidence : Eric GOUY Membres : St\u00e9phane VENTURA, Laurent MIELCAREK, Guillaume VASSEUR, Fabienne DELPLACE, Olivier CAFFIN, Brigitte SEDDA.<\/p>\n<p><strong>Conseil d\u2019\u00e9cole<\/strong><br \/>\nEric GOUY et Virginie GOUBET.<\/p>\n<p><strong>CCID<\/strong> : Commission Communale des Imp\u00f4ts Directs<br \/>\nPr\u00e9sidence : Eric GOUY Membres titulaires :<em> en attente<\/em>\u00a0 Membres suppl\u00e9ants :<em> en attente<\/em><\/p>\n<p><strong>R\u00e9f\u00e9rent s\u00e9curit\u00e9<\/strong><br \/>\nLaurent MIELCAREK<br \/>\n<span style=\"color: #000000;\"><strong>RGPD<\/strong><\/span><br \/>\n<span style=\"color: #000000;\">Quentin ROBERT<\/span><\/p>\n<p><strong>Commission de contr\u00f4le des listes \u00e9lectorales <\/strong><br \/>\nLe Conseil Municipal \/ D\u00e9l\u00e9gu\u00e9e du TJ : Alain SROGA<\/p>\n<p><strong>Instance de Coordination G\u00e9rontologique SSIAD<\/strong><br \/>\nD\u00e9l\u00e9gu\u00e9e Titulaire : Sylvie LARIVIERE \/ D\u00e9l\u00e9gu\u00e9e Suppl\u00e9ante : Fabienne DELPLACE<\/p>\n<p><strong>RPE <\/strong>\u00a0: Relais Petite Enfance<br \/>\n2 R\u00e9f\u00e9rents : Sylvie LARIVIERE, Eurydice MARFIL<\/p>\n<p><b>Correspondant D\u00e9fense <\/b>: Laurent MIELCAREK[\/vc_column_text][\/vc_column][\/vc_row]<\/p>\n<\/div>","protected":false},"excerpt":{"rendered":"<p>[vc_row][vc_column width=\u00a0\u00bb1\/4&Prime;][vc_single_image image=\u00a0\u00bb159&Prime; style=\u00a0\u00bbvc_box_border\u00a0\u00bb][\/vc_column][vc_column width=\u00a0\u00bb3\/4&Prime;][vc_column_text] Monsieur Eric Gouy est le Maire de la commune de Loffre depuis le 30 Mars 2014. Monsieur le Maire re\u00e7oit sur rendez-vous au 03 27&#8230; <a href=\"http:\/\/commune-loffre.fr\/index.php\/municipalie\/lequipe\/\">Read more &raquo;<\/a><\/p>\n","protected":false},"author":1,"featured_media":0,"parent":38,"menu_order":0,"comment_status":"closed","ping_status":"closed","template":"","meta":{"footnotes":""},"_links":{"self":[{"href":"http:\/\/commune-loffre.fr\/index.php\/wp-json\/wp\/v2\/pages\/60"}],"collection":[{"href":"http:\/\/commune-loffre.fr\/index.php\/wp-json\/wp\/v2\/pages"}],"about":[{"href":"http:\/\/commune-loffre.fr\/index.php\/wp-json\/wp\/v2\/types\/page"}],"author":[{"embeddable":true,"href":"http:\/\/commune-loffre.fr\/index.php\/wp-json\/wp\/v2\/users\/1"}],"replies":[{"embeddable":true,"href":"http:\/\/commune-loffre.fr\/index.php\/wp-json\/wp\/v2\/comments?post=60"}],"version-history":[{"count":31,"href":"http:\/\/commune-loffre.fr\/index.php\/wp-json\/wp\/v2\/pages\/60\/revisions"}],"predecessor-version":[{"id":7431,"href":"http:\/\/commune-loffre.fr\/index.php\/wp-json\/wp\/v2\/pages\/60\/revisions\/7431"}],"up":[{"embeddable":true,"href":"http:\/\/commune-loffre.fr\/index.php\/wp-json\/wp\/v2\/pages\/38"}],"wp:attachment":[{"href":"http:\/\/commune-loffre.fr\/index.php\/wp-json\/wp\/v2\/media?parent=60"}],"curies":[{"name":"wp","href":"https:\/\/api.w.org\/{rel}","templated":true}]}}