{"id":54,"date":"2016-04-02T06:25:34","date_gmt":"2016-04-02T05:25:34","guid":{"rendered":"http:\/\/localhost\/?page_id=54"},"modified":"2022-11-23T13:14:55","modified_gmt":"2022-11-23T12:14:55","slug":"histoire","status":"publish","type":"page","link":"http:\/\/commune-loffre.fr\/index.php\/vie-du-village\/histoire\/","title":{"rendered":"Histoire"},"content":{"rendered":"<div class=\"wpb-content-wrapper\"><p>[vc_row][vc_column width=\u00a0\u00bb3\/4&Prime;][vc_custom_heading text=\u00a0\u00bbSituation\u00a0\u00bb][vc_column_text]<\/p>\n<div class=\"wa-comp wa-text wa-bg-gradient param[grad(rgba(0,0,0,0)) border(0 #969696)] \">\n<div>\n<div align=\"justify\">La commune se situe dans le d\u00e9partement du Nord, arrondissement de DOUAI, canton d&rsquo;ANICHE,<\/div>\n<div align=\"justify\">\u00e0 une altitude qui varie de 20 \u00e0 39 m, sa superficie est de 2.6 km\u00b2.<\/div>\n<div align=\"justify\">la commune compte 735 habitants que l&rsquo;on nomme les LOFFRIENS.<\/div>\n<div align=\"justify\"><\/div>\n<div align=\"justify\">La commune est travers\u00e9e par la RD 13 en venant de DOUAI (\u00e0 7 km) pour aller sur MASNY.<\/div>\n<div align=\"justify\">L\u2019A21 permet \u00e9galement de se rendre \u00e0 LOFFRE en empruntant la sortie \u00ab MONTIGNY EN OSTREVENT \u00bb, ou la sortie \u00ab ARRAS &#8211; Centre Hospitalier \u00bb<\/div>\n<\/div>\n<\/div>\n<p>[\/vc_column_text][\/vc_column][vc_column width=\u00a0\u00bb1\/4&Prime;][vc_gmaps link=\u00a0\u00bb#E-8_JTNDaWZyYW1lJTIwc3JjJTNEJTIyaHR0cHMlM0ElMkYlMkZ3d3cuZ29vZ2xlLmNvbSUyRm1hcHMlMkZlbWJlZCUzRnBiJTNEJTIxMW0xOCUyMTFtMTIlMjExbTMlMjExZDI1NDUuNTc4MzE4MDI5NjIzJTIxMmQzLjE3MDkzNzMxNTk3NDMzODYlMjEzZDUwLjM1NTc2OTk3OTQ2MjQ2JTIxMm0zJTIxMWYwJTIxMmYwJTIxM2YwJTIxM20yJTIxMWkxMDI0JTIxMmk3NjglMjE0ZjEzLjElMjEzbTMlMjExbTIlMjExczB4MCUyNTNBMHgwJTIxMnpOVERDc0RJeEp6SXdMamdpVGlBendyQXhNQ2N5TXk0eUlrVSUyMTVlMCUyMTNtMiUyMTFzZnIlMjEyc2ZyJTIxNHYxNDYyNzI2OTQzMzQ5JTIyJTIwd2lkdGglM0QlMjI0MDAlMjIlMjBoZWlnaHQlM0QlMjIzMDAlMjIlMjBmcmFtZWJvcmRlciUzRCUyMjAlMjIlMjBzdHlsZSUzRCUyMmJvcmRlciUzQTAlMjIlMjBhbGxvd2Z1bGxzY3JlZW4lM0UlM0MlMkZpZnJhbWUlM0U=\u00a0\u00bb][\/vc_column][\/vc_row][vc_row][vc_column width=\u00a0\u00bb1\/6&Prime;][vc_gallery type=\u00a0\u00bbimage_grid\u00a0\u00bb images=\u00a0\u00bb478,479,480,481,473&Prime;][\/vc_column][vc_column width=\u00a0\u00bb4\/6&Prime;][vc_custom_heading text=\u00a0\u00bbUn peu d&rsquo;Histoire..\u00a0\u00bb][vc_column_text]<\/p>\n<div class=\"wa-comp wa-text wa-bg-gradient param[grad(rgba(0,0,0,0)) border(0 #969696)] \">\n<div>\n<div style=\"text-align: justify;\" align=\"justify\">Le hameau de Loffre fut durant des si\u00e8cles un acteur anonyme et discret. <strong>A quel moment devient-il un hameau<\/strong>, <strong>pourquoi est-il appel\u00e9 Loffre ?<\/strong><\/div>\n<div style=\"text-align: justify;\" align=\"justify\">A ces questions, si simples pourtant, nous pouvons tout au plus esquisser quelques possibilit\u00e9s.<\/div>\n<div style=\"text-align: justify;\"><\/div>\n<div style=\"text-align: justify;\" align=\"justify\">L&rsquo;histoire commence lorsqu&rsquo;elle nous fait rencontrer deux chevaliers, Gautier et Sicher.<\/div>\n<div style=\"text-align: justify;\" align=\"justify\"><strong>En 1079<\/strong>, ils enfilent la robe de bure et d\u00e9cident de cr\u00e9er un monast\u00e8re b\u00e9n\u00e9dictin dans une \u00eele appel\u00e9e Anchin, au Nord de Pecquencourt.<\/div>\n<div style=\"text-align: justify;\" align=\"justify\">A peine fond\u00e9e, l&rsquo;Abbaye d&rsquo;Anchin trouve un essor spectaculaire et nous d\u00e9couvrons que Loffre est une terre appartenant \u00e0 l&rsquo;Abbaye d&rsquo;Anchin.<\/div>\n<div style=\"text-align: justify;\"><\/div>\n<div style=\"text-align: justify;\" align=\"justify\">Tout est propri\u00e9t\u00e9 des Moines. Une route traverse le hameau en contournant le marais. Sans surprise, cette route s&rsquo;appellera \u00ab\u00a0la rue des Moines\u00a0\u00bb<\/div>\n<div style=\"text-align: justify;\" align=\"justify\"><\/div>\n<\/div>\n<div style=\"text-align: justify;\" align=\"justify\">\n<div class=\"wa-comp wa-text wa-bg-gradient param[grad(rgba(0,0,0,0)) border(0 #969696)] \">\n<div class=\"waCSStext2wynaw1hkk8ybz3y\">\n<div align=\"justify\"><strong>Les si\u00e8cles s\u2019\u00e9gr\u00e8nent. Quelques maisons \u00e9parses ponctuent le bord des rues.<\/strong><\/div>\n<div><\/div>\n<div align=\"justify\">Quelques maisons \u00e9parses ponctuent le bord des rues. Laboureurs, m\u00e9tayers et journaliers constituent la plus grosse majorit\u00e9 des paysans pour qui la propri\u00e9t\u00e9 n\u2019existe pas et o\u00f9 la mis\u00e8re est pr\u00e9sente au quotidien.<\/div>\n<div><\/div>\n<div align=\"justify\">La journ\u00e9e est rythm\u00e9e par les cloches des \u00e9glises qui sonnent toutes les trois heures appelant \u00e0 la pri\u00e8re. Tout le monde va \u00e0 l\u2019\u00e9glise le dimanche, les paysans ont une vie r\u00e9gl\u00e9e par un m\u00e9canisme religieux dominant, totalement cadr\u00e9 dans le travail et les croyances. Ils vivent \u00e0 la fois dans la pauvret\u00e9 et l\u2019esp\u00e9rance.<\/div>\n<div><\/div>\n<div align=\"left\">Depuis longtemps existent sur le territoire de la commune de Loffre des carri\u00e8res de gr\u00e8s et les sabli\u00e8res. Les exploitations, aujourd\u2019hui arr\u00eat\u00e9es, furent durant le 18\u00e8me et 19\u00e8me si\u00e8cle, une activit\u00e9 tr\u00e8s rentable.<\/div>\n<div align=\"left\"><\/div>\n<div align=\"left\"><\/div>\n<\/div>\n<div align=\"left\">\n<div class=\"wa-comp wa-text wa-bg-gradient param[grad(rgba(0,0,0,0)) border(0 #969696)] \">\n<div>\n<div align=\"left\"><strong>Le 19e<\/strong> si\u00e8cle aura \u00e9t\u00e9 \u00e0 bien des \u00e9gards un bon cru. De grands chantiers sont r\u00e9alis\u00e9s : La mairie, l\u2019\u00e9cole, l\u2019\u00e9glise. Ces \u00e9l\u00e9ments essentiels \u00e9taient auparavant les pi\u00e8ces manquantes pour constituer une commune, un village.<\/div>\n<div><\/div>\n<div align=\"justify\">D\u2019autres lancements moins visibles mais tout aussi utiles ont vu le jour. Le plus spectaculaire restera pour longtemps la grande mutation qui est apparue vers 1960.<\/div>\n<div align=\"justify\">En quelques d\u00e9cennies, Loffre a totalement chang\u00e9 sa carte de visite : le vieux village \u00e0 dominante agricole a chang\u00e9 peu \u00e0 peu de visage, s\u2019est embelli et transform\u00e9 en village pavillonnaire o\u00f9 il fait bon vivre.<\/div>\n<div><\/div>\n<div align=\"justify\">Autre temps, autres m\u0153urs : l\u2019\u00e9tranger qui d\u00e9barquait jadis \u00e9merveill\u00e9 de notre campagne, arrive aujourd\u2019hui avec d\u2019autres habitudes. Sans doute ne pensait-il jamais habiter Loffre, mais voil\u00e0 le destin est impr\u00e9visible.<\/div>\n<\/div>\n<\/div>\n<\/div>\n<\/div>\n<\/div>\n<\/div>\n<p>[\/vc_column_text][\/vc_column][vc_column width=\u00a0\u00bb1\/6&Prime;][vc_gallery type=\u00a0\u00bbimage_grid\u00a0\u00bb images=\u00a0\u00bb474,475,476,477&Prime;][\/vc_column][\/vc_row][vc_row][vc_column][\/vc_column][\/vc_row][vc_row][vc_column width=\u00a0\u00bb5\/6&Prime;][\/vc_column][vc_column width=\u00a0\u00bb1\/6&Prime;][\/vc_column][\/vc_row]<\/p>\n<\/div>","protected":false},"excerpt":{"rendered":"<p>[vc_row][vc_column width=\u00a0\u00bb3\/4&Prime;][vc_custom_heading text=\u00a0\u00bbSituation\u00a0\u00bb][vc_column_text] La commune se situe dans le d\u00e9partement du Nord, arrondissement de DOUAI, canton d&rsquo;ANICHE, \u00e0 une altitude qui varie de 20 \u00e0 39 m, sa superficie est&#8230; <a href=\"http:\/\/commune-loffre.fr\/index.php\/vie-du-village\/histoire\/\">Read more &raquo;<\/a><\/p>\n","protected":false},"author":1,"featured_media":0,"parent":47,"menu_order":0,"comment_status":"closed","ping_status":"closed","template":"page-templates\/full-width.php","meta":{"footnotes":""},"_links":{"self":[{"href":"http:\/\/commune-loffre.fr\/index.php\/wp-json\/wp\/v2\/pages\/54"}],"collection":[{"href":"http:\/\/commune-loffre.fr\/index.php\/wp-json\/wp\/v2\/pages"}],"about":[{"href":"http:\/\/commune-loffre.fr\/index.php\/wp-json\/wp\/v2\/types\/page"}],"author":[{"embeddable":true,"href":"http:\/\/commune-loffre.fr\/index.php\/wp-json\/wp\/v2\/users\/1"}],"replies":[{"embeddable":true,"href":"http:\/\/commune-loffre.fr\/index.php\/wp-json\/wp\/v2\/comments?post=54"}],"version-history":[{"count":12,"href":"http:\/\/commune-loffre.fr\/index.php\/wp-json\/wp\/v2\/pages\/54\/revisions"}],"predecessor-version":[{"id":6491,"href":"http:\/\/commune-loffre.fr\/index.php\/wp-json\/wp\/v2\/pages\/54\/revisions\/6491"}],"up":[{"embeddable":true,"href":"http:\/\/commune-loffre.fr\/index.php\/wp-json\/wp\/v2\/pages\/47"}],"wp:attachment":[{"href":"http:\/\/commune-loffre.fr\/index.php\/wp-json\/wp\/v2\/media?parent=54"}],"curies":[{"name":"wp","href":"https:\/\/api.w.org\/{rel}","templated":true}]}}