{"id":29,"date":"2016-04-01T07:39:26","date_gmt":"2016-04-01T06:39:26","guid":{"rendered":"http:\/\/localhost\/?page_id=29"},"modified":"2022-01-24T23:18:21","modified_gmt":"2022-01-24T22:18:21","slug":"garderie","status":"publish","type":"page","link":"http:\/\/commune-loffre.fr\/index.php\/education\/garderie\/","title":{"rendered":"Garderie"},"content":{"rendered":"<div class=\"wpb-content-wrapper\"><p>[vc_row][vc_column width=\u00a0\u00bb1\/3&Prime;][vc_custom_heading text=\u00a0\u00bbLa garderie \u2026 une transition entre la maison et l\u2019\u00e9cole\u00a0\u00bb][vc_gallery interval=\u00a0\u00bb3&Prime; images=\u00a0\u00bb442&Prime;][\/vc_column][vc_column width=\u00a0\u00bb2\/3&Prime;][vc_column_text]La tarification prend en compte le quotient familial QF:<br \/>\n\u2022 1\u00e8re tranche : QF inf\u00e9rieur \u00e0 600\u20ac<br \/>\n\u2022 2\u00e8me tranche : QF compris entre 601\u20ac et 1 000\u20ac<br \/>\n\u2022 3\u00e8me tranche : QF au-del\u00e0 de 1 000\u20ac<\/p>\n<p style=\"background: white; vertical-align: baseline;\"><span style=\"font-family: 'Verdana','sans-serif'; color: #444444;\">Les tarifs de la garderie varient en fonction du cr\u00e9neau r\u00e9serv\u00e9 :<\/span><\/p>\n<p style=\"background: white; vertical-align: baseline; margin: 1.71429rem; word-spacing: 0px;\"><span style=\"font-family: 'Verdana','sans-serif'; color: #444444;\">Pour la 1\u00e8re tranche, de 0.50\u20ac \u00e0 1\u20ac<\/span><\/p>\n<p style=\"background: white; vertical-align: baseline; margin: 1.71429rem; word-spacing: 0px;\"><span style=\"font-family: 'Verdana','sans-serif'; color: #444444;\">Pour la\u00a0 2\u00e8me tranche de 0.75\u20ac \u00e0 1.50 \u20ac<\/span><\/p>\n<p style=\"background: white; vertical-align: baseline; margin: 1.71429rem; word-spacing: 0px;\"><span style=\"font-family: 'Verdana','sans-serif'; color: #444444;\">Pour la 3\u00e8me tranche de 1\u20ac \u00e0 2\u20ac<\/span><\/p>\n<p>La garderie communale de LOFFRE est dirig\u00e9e par Marie H\u00e9l\u00e8ne DUPUIS, animatrice titulaire du BAFA. Marie H\u00e9l\u00e8ne fait r\u00e9gner une atmosph\u00e8re familiale dans sa salle de garderie, c\u2019est un univers de\u00a0 d\u00e9tente situ\u00e9 avant l\u2019entr\u00e9e en classe le matin \u00e0 partir de 7h20 jusque 18h00. La garderie n\u2019est pas la classe. L\u2019enfant peut se reposer sur le tapis avec un jeu ou un livre, il peut s\u2019apaiser avec un coloriage ou un dessin. Des jeux de soci\u00e9t\u00e9 sont \u00e0 leur disposition pour partager un moment ludique avec les copains. L\u2019\u00e9t\u00e9 les enfants profitent du parc de jeux sous la surveillance de l\u2019animatrice. A l\u2019approche d\u2019un \u00e9v\u00e8nement (no\u00ebl, f\u00eate des m\u00e8res, f\u00eate des p\u00e8res \u2026.), Marie H\u00e9l\u00e8ne propose des activit\u00e9s manuelles aux enfants int\u00e9ress\u00e9s. Une quinzaine d\u2019enfants sont inscrits \u00e0 la garderie cette ann\u00e9e scolaire, le ticket est vendu en mairie par liasse de 6 pour 12\u20ac. Pour tout renseignement s\u2019adresser \u00e0 Marie H\u00e9l\u00e8ne au foyer rural. <strong>Achat de jouets par la municipalit\u00e9 pour la rentr\u00e9e 2018 de la garderie.<\/strong><\/p>\n\n\t\t<style type=\"text\/css\">\n\t\t\t#gallery-1 {\n\t\t\t\tmargin: auto;\n\t\t\t}\n\t\t\t#gallery-1 .gallery-item {\n\t\t\t\tfloat: left;\n\t\t\t\tmargin-top: 10px;\n\t\t\t\ttext-align: center;\n\t\t\t\twidth: 33%;\n\t\t\t}\n\t\t\t#gallery-1 img {\n\t\t\t\tborder: 2px solid #cfcfcf;\n\t\t\t}\n\t\t\t#gallery-1 .gallery-caption {\n\t\t\t\tmargin-left: 0;\n\t\t\t}\n\t\t\t\/* see gallery_shortcode() in wp-includes\/media.php *\/\n\t\t<\/style>\n\t\t<div id='gallery-1' class='gallery galleryid-29 gallery-columns-3 gallery-size-thumbnail'><dl class='gallery-item'>\n\t\t\t<dt class='gallery-icon portrait'>\n\t\t\t\t<a href='http:\/\/commune-loffre.fr\/index.php\/education\/garderie\/img_1514\/'><img loading=\"lazy\" decoding=\"async\" width=\"150\" height=\"150\" src=\"http:\/\/commune-loffre.fr\/wp-content\/uploads\/2016\/04\/IMG_1514-150x150.jpg\" class=\"attachment-thumbnail size-thumbnail\" alt=\"\" srcset=\"http:\/\/commune-loffre.fr\/wp-content\/uploads\/2016\/04\/IMG_1514-150x150.jpg 150w, http:\/\/commune-loffre.fr\/wp-content\/uploads\/2016\/04\/IMG_1514-180x180.jpg 180w, http:\/\/commune-loffre.fr\/wp-content\/uploads\/2016\/04\/IMG_1514-60x60.jpg 60w\" sizes=\"(max-width: 150px) 100vw, 150px\" \/><\/a>\n\t\t\t<\/dt><\/dl><dl class='gallery-item'>\n\t\t\t<dt class='gallery-icon portrait'>\n\t\t\t\t<a href='http:\/\/commune-loffre.fr\/index.php\/education\/garderie\/img_1516\/'><img loading=\"lazy\" decoding=\"async\" width=\"150\" height=\"150\" src=\"http:\/\/commune-loffre.fr\/wp-content\/uploads\/2016\/04\/IMG_1516-150x150.jpg\" class=\"attachment-thumbnail size-thumbnail\" alt=\"\" srcset=\"http:\/\/commune-loffre.fr\/wp-content\/uploads\/2016\/04\/IMG_1516-150x150.jpg 150w, http:\/\/commune-loffre.fr\/wp-content\/uploads\/2016\/04\/IMG_1516-180x180.jpg 180w, http:\/\/commune-loffre.fr\/wp-content\/uploads\/2016\/04\/IMG_1516-60x60.jpg 60w\" sizes=\"(max-width: 150px) 100vw, 150px\" \/><\/a>\n\t\t\t<\/dt><\/dl><dl class='gallery-item'>\n\t\t\t<dt class='gallery-icon portrait'>\n\t\t\t\t<a href='http:\/\/commune-loffre.fr\/index.php\/education\/garderie\/img_1517\/'><img loading=\"lazy\" decoding=\"async\" width=\"150\" height=\"150\" src=\"http:\/\/commune-loffre.fr\/wp-content\/uploads\/2016\/04\/IMG_1517-150x150.jpg\" class=\"attachment-thumbnail size-thumbnail\" alt=\"\" srcset=\"http:\/\/commune-loffre.fr\/wp-content\/uploads\/2016\/04\/IMG_1517-150x150.jpg 150w, http:\/\/commune-loffre.fr\/wp-content\/uploads\/2016\/04\/IMG_1517-180x180.jpg 180w, http:\/\/commune-loffre.fr\/wp-content\/uploads\/2016\/04\/IMG_1517-60x60.jpg 60w\" sizes=\"(max-width: 150px) 100vw, 150px\" \/><\/a>\n\t\t\t<\/dt><\/dl><br style=\"clear: both\" \/>\n\t\t<\/div>\n\n<p>[\/vc_column_text][\/vc_column][\/vc_row]<\/p>\n<\/div>","protected":false},"excerpt":{"rendered":"<p>[vc_row][vc_column width=\u00a0\u00bb1\/3&Prime;][vc_custom_heading text=\u00a0\u00bbLa garderie \u2026 une transition entre la maison et l\u2019\u00e9cole\u00a0\u00bb][vc_gallery interval=\u00a0\u00bb3&Prime; images=\u00a0\u00bb442&Prime;][\/vc_column][vc_column width=\u00a0\u00bb2\/3&Prime;][vc_column_text]La tarification prend en compte le quotient familial QF: \u2022 1\u00e8re tranche : QF inf\u00e9rieur \u00e0&#8230; <a href=\"http:\/\/commune-loffre.fr\/index.php\/education\/garderie\/\">Read more &raquo;<\/a><\/p>\n","protected":false},"author":1,"featured_media":0,"parent":13,"menu_order":0,"comment_status":"closed","ping_status":"closed","template":"page-templates\/full-width.php","meta":{"footnotes":""},"_links":{"self":[{"href":"http:\/\/commune-loffre.fr\/index.php\/wp-json\/wp\/v2\/pages\/29"}],"collection":[{"href":"http:\/\/commune-loffre.fr\/index.php\/wp-json\/wp\/v2\/pages"}],"about":[{"href":"http:\/\/commune-loffre.fr\/index.php\/wp-json\/wp\/v2\/types\/page"}],"author":[{"embeddable":true,"href":"http:\/\/commune-loffre.fr\/index.php\/wp-json\/wp\/v2\/users\/1"}],"replies":[{"embeddable":true,"href":"http:\/\/commune-loffre.fr\/index.php\/wp-json\/wp\/v2\/comments?post=29"}],"version-history":[{"count":11,"href":"http:\/\/commune-loffre.fr\/index.php\/wp-json\/wp\/v2\/pages\/29\/revisions"}],"predecessor-version":[{"id":6064,"href":"http:\/\/commune-loffre.fr\/index.php\/wp-json\/wp\/v2\/pages\/29\/revisions\/6064"}],"up":[{"embeddable":true,"href":"http:\/\/commune-loffre.fr\/index.php\/wp-json\/wp\/v2\/pages\/13"}],"wp:attachment":[{"href":"http:\/\/commune-loffre.fr\/index.php\/wp-json\/wp\/v2\/media?parent=29"}],"curies":[{"name":"wp","href":"https:\/\/api.w.org\/{rel}","templated":true}]}}