{"id":24,"date":"2016-04-01T07:34:36","date_gmt":"2016-04-01T06:34:36","guid":{"rendered":"http:\/\/localhost\/?page_id=24"},"modified":"2023-06-14T10:58:31","modified_gmt":"2023-06-14T09:58:31","slug":"ecole","status":"publish","type":"page","link":"http:\/\/commune-loffre.fr\/index.php\/education\/ecole\/","title":{"rendered":"Ecole"},"content":{"rendered":"<div class=\"wpb-content-wrapper\"><p>[vc_row][vc_column width=\u00a0\u00bb1\/3&Prime;][vc_column_text]Ecole Henri Matisse<br \/>\n90 Petite Rue<\/p>\n<p>Maternelle 03.27.80.20.87<br \/>\nPrimaire 03.27.80.50.87<\/p>\n<p>Lundi, Mardi, Jeudi et Vendredi<br \/>\nde 8h30 \u00e0 11h30 et 13h30 \u00e0 16h30[\/vc_column_text][\/vc_column][vc_column width=\u00a0\u00bb2\/3&Prime;][vc_gallery interval=\u00a0\u00bb3&Prime; images=\u00a0\u00bb459,1030,460,461,505,504,503,1035,1027,1040,1028,1031,1032,1034,1036,1037,1038,1039&Prime; img_size=\u00a0\u00bbmedium\u00a0\u00bb][\/vc_column][\/vc_row][vc_row][vc_column][vc_column_text]Apr\u00e8s avoir offert la semaine derni\u00e8re un plan de tomate \u00e0 tous les \u00e9l\u00e8ves de l\u2019\u00e9cole Henri Matisse, Alain Sroga, initiateur du projet, et Emmanuel Duriez ont invit\u00e9 ce jeudi les petits jardiniers \u00e0 r\u00e9colter les radis qu\u2019ils avaient sem\u00e9s il y a vingt jours.<br \/>\nDe retour \u00e0 l&rsquo;\u00e9cole , ils se sont empress\u00e9s de les laver et de les manger avec enthousiasme.[\/vc_column_text][\/vc_column][\/vc_row][vc_row][vc_column][vc_single_image image=\u00a0\u00bb6831&Prime;][\/vc_column][\/vc_row]<\/p>\n<\/div>","protected":false},"excerpt":{"rendered":"<p>[vc_row][vc_column width=\u00a0\u00bb1\/3&Prime;][vc_column_text]Ecole Henri Matisse 90 Petite Rue Maternelle 03.27.80.20.87 Primaire 03.27.80.50.87 Lundi, Mardi, Jeudi et Vendredi de 8h30 \u00e0 11h30 et 13h30 \u00e0 16h30[\/vc_column_text][\/vc_column][vc_column width=\u00a0\u00bb2\/3&Prime;][vc_gallery interval=\u00a0\u00bb3&Prime; images=\u00a0\u00bb459,1030,460,461,505,504,503,1035,1027,1040,1028,1031,1032,1034,1036,1037,1038,1039&Prime; img_size=\u00a0\u00bbmedium\u00a0\u00bb][\/vc_column][\/vc_row][vc_row][vc_column][vc_column_text]Apr\u00e8s avoir offert&#8230; <a href=\"http:\/\/commune-loffre.fr\/index.php\/education\/ecole\/\">Read more &raquo;<\/a><\/p>\n","protected":false},"author":1,"featured_media":0,"parent":13,"menu_order":0,"comment_status":"closed","ping_status":"closed","template":"","meta":{"footnotes":""},"_links":{"self":[{"href":"http:\/\/commune-loffre.fr\/index.php\/wp-json\/wp\/v2\/pages\/24"}],"collection":[{"href":"http:\/\/commune-loffre.fr\/index.php\/wp-json\/wp\/v2\/pages"}],"about":[{"href":"http:\/\/commune-loffre.fr\/index.php\/wp-json\/wp\/v2\/types\/page"}],"author":[{"embeddable":true,"href":"http:\/\/commune-loffre.fr\/index.php\/wp-json\/wp\/v2\/users\/1"}],"replies":[{"embeddable":true,"href":"http:\/\/commune-loffre.fr\/index.php\/wp-json\/wp\/v2\/comments?post=24"}],"version-history":[{"count":11,"href":"http:\/\/commune-loffre.fr\/index.php\/wp-json\/wp\/v2\/pages\/24\/revisions"}],"predecessor-version":[{"id":6833,"href":"http:\/\/commune-loffre.fr\/index.php\/wp-json\/wp\/v2\/pages\/24\/revisions\/6833"}],"up":[{"embeddable":true,"href":"http:\/\/commune-loffre.fr\/index.php\/wp-json\/wp\/v2\/pages\/13"}],"wp:attachment":[{"href":"http:\/\/commune-loffre.fr\/index.php\/wp-json\/wp\/v2\/media?parent=24"}],"curies":[{"name":"wp","href":"https:\/\/api.w.org\/{rel}","templated":true}]}}